{"id":5797,"date":"2025-10-03T21:00:14","date_gmt":"2025-10-03T19:00:14","guid":{"rendered":"https:\/\/tragos.gr\/?page_id=5797"},"modified":"2025-12-23T21:48:47","modified_gmt":"2025-12-23T20:48:47","slug":"tragos-and-friends-olivenoel-extra-vergine-bio-750ml","status":"publish","type":"page","link":"https:\/\/tragos.gr\/de\/tragos-and-friends-olivenoel-extra-vergine-bio-750ml\/","title":{"rendered":"TRAGOS and Friends Oliven\u00f6l extra vergine (BIO) &#8211; 750ml"},"content":{"rendered":"\t\t<div data-elementor-type=\"wp-post\" data-elementor-id=\"5797\" class=\"elementor elementor-5797 elementor-5593\" data-elementor-post-type=\"page\">\n\t\t\t\t\t\t<section class=\"elementor-section elementor-top-section elementor-element elementor-element-dc8d03f elementor-section-full_width elementor-section-height-default elementor-section-height-default\" data-id=\"dc8d03f\" data-element_type=\"section\" data-e-type=\"section\" data-settings=\"{&quot;background_background&quot;:&quot;classic&quot;}\">\n\t\t\t\t\t\t\t<div class=\"elementor-background-overlay\"><\/div>\n\t\t\t\t\t\t\t<div class=\"elementor-container elementor-column-gap-default\">\n\t\t\t\t\t<div class=\"elementor-column elementor-col-100 elementor-top-column elementor-element elementor-element-844fba0\" data-id=\"844fba0\" data-element_type=\"column\" data-e-type=\"column\">\n\t\t\t<div class=\"elementor-widget-wrap elementor-element-populated\">\n\t\t\t\t\t\t<div class=\"elementor-element elementor-element-ea1bbe9 elementor-widget elementor-widget-heading\" data-id=\"ea1bbe9\" data-element_type=\"widget\" data-e-type=\"widget\" data-widget_type=\"heading.default\">\n\t\t\t\t<div class=\"elementor-widget-container\">\n\t\t\t\t\t<h2 class=\"elementor-heading-title elementor-size-default\">\u00abTRAGOS and Friends\u00bb<br>\nOliven\u00f6l extra vergine (BIO)<\/h2>\t\t\t\t<\/div>\n\t\t\t\t<\/div>\n\t\t\t\t<div class=\"elementor-element elementor-element-1f8927a elementor-hidden-desktop elementor-hidden-tablet elementor-hidden-mobile elementor-widget-divider--view-line elementor-widget elementor-widget-divider\" data-id=\"1f8927a\" data-element_type=\"widget\" data-e-type=\"widget\" data-widget_type=\"divider.default\">\n\t\t\t\t<div class=\"elementor-widget-container\">\n\t\t\t\t\t\t\t<div class=\"elementor-divider\">\n\t\t\t<span class=\"elementor-divider-separator\">\n\t\t\t\t\t\t<\/span>\n\t\t<\/div>\n\t\t\t\t\t\t<\/div>\n\t\t\t\t<\/div>\n\t\t\t\t<section class=\"elementor-section elementor-inner-section elementor-element elementor-element-0fcfd3f elementor-section-full_width elementor-section-height-default elementor-section-height-default\" data-id=\"0fcfd3f\" data-element_type=\"section\" data-e-type=\"section\">\n\t\t\t\t\t\t<div class=\"elementor-container elementor-column-gap-default\">\n\t\t\t\t\t<div class=\"elementor-column elementor-col-25 elementor-inner-column elementor-element elementor-element-8caded3\" data-id=\"8caded3\" data-element_type=\"column\" data-e-type=\"column\">\n\t\t\t<div class=\"elementor-widget-wrap\">\n\t\t\t\t\t\t\t<\/div>\n\t\t<\/div>\n\t\t\t\t<div class=\"elementor-column elementor-col-25 elementor-inner-column elementor-element elementor-element-b4d4346\" data-id=\"b4d4346\" data-element_type=\"column\" data-e-type=\"column\">\n\t\t\t<div class=\"elementor-widget-wrap elementor-element-populated\">\n\t\t\t\t\t\t<div class=\"elementor-element elementor-element-9f189fd elementor-widget elementor-widget-text-editor\" data-id=\"9f189fd\" data-element_type=\"widget\" data-e-type=\"widget\" data-widget_type=\"text-editor.default\">\n\t\t\t\t<div class=\"elementor-widget-container\">\n\t\t\t\t\t\t\t\t\t<p>Das Oliven\u00f6l extra vergine &#8222;TRAGOS and Friends&#8220; (BIO) wird aus Oliven der Sorte &#8222;Koroneiki&#8220;, welche Ende Oktober\/Anfang November in Hainen in der Region des Antiken Korinths geerntet werden, produziert. Die fr\u00fche Ernte, die gute Qualit\u00e4t der Fr\u00fcchte und die sofortige Pressung tragen zur Entstehung dieses fruchtigen und delikat pikanten Oliven\u00f6ls bei.<\/p><p>Koroneiki, die urspr\u00fcnglich aus der S\u00fcdwest-Peloponnes stammt, ist aufgrund ihres k\u00f6stlichen \u00d6ls im ganzen Land beliebt geworden. Daher hat sie inzwischen auch in Korinth &#8222;Wurzeln geschlagen&#8220;!<\/p><p>Die Familie Rekleitis hat eine lange Tradition im Olivenanbau, welcher sie gerecht wird, indem sie ihre Methoden verbessert und ihre T\u00e4tigkeit erweitert. Sie geh\u00f6ren zu den &#8222;Pionieren&#8220; des biologischen Olivenanbaus, zumal sie ihre Haine seit 1998 biologisch pflegt.<\/p><p>Thodoris Kontogiannis geh\u00f6rt zur \u201eneuen Generation\u201c biologischer Erzeuger und setzt zugleich die landwirtschaftliche Tradition seines Vaters Michalis fort, der zu den ersten z\u00e4hlte, die in der Region Korinthia biologische, und sogar biodynamische, Anbaumethoden angewendet hat.<br \/>Thodoris, Lebensmittelchemiker, betreut die familieneigenen Olivenhaine in Mapsos und Penteskoufi in Korinthia.<\/p><p>Wir freuen uns ganz besonders \u00fcber unsere Zusammenarbeit mit der Familie Rekleitis und der Familie Kontogiannis!<\/p>\t\t\t\t\t\t\t\t<\/div>\n\t\t\t\t<\/div>\n\t\t\t\t<div class=\"elementor-element elementor-element-1291779 elementor-align-left elementor-widget elementor-widget-button\" data-id=\"1291779\" data-element_type=\"widget\" data-e-type=\"widget\" data-widget_type=\"button.default\">\n\t\t\t\t<div class=\"elementor-widget-container\">\n\t\t\t\t\t\t\t\t\t<div class=\"elementor-button-wrapper\">\n\t\t\t\t\t<a class=\"elementor-button elementor-button-link elementor-size-md\" href=\"https:\/\/www.tragos.gr\/de\/#Products\">\n\t\t\t\t\t\t<span class=\"elementor-button-content-wrapper\">\n\t\t\t\t\t\t\t\t\t<span class=\"elementor-button-text\">zur\u00fcck zu den PRODUKTEN<\/span>\n\t\t\t\t\t<\/span>\n\t\t\t\t\t<\/a>\n\t\t\t\t<\/div>\n\t\t\t\t\t\t\t\t<\/div>\n\t\t\t\t<\/div>\n\t\t\t\t\t<\/div>\n\t\t<\/div>\n\t\t\t\t<div class=\"elementor-column elementor-col-25 elementor-inner-column elementor-element elementor-element-8de783e\" data-id=\"8de783e\" data-element_type=\"column\" data-e-type=\"column\" data-settings=\"{&quot;background_background&quot;:&quot;classic&quot;}\">\n\t\t\t<div class=\"elementor-widget-wrap elementor-element-populated\">\n\t\t\t\t\t\t<div class=\"elementor-element elementor-element-9936c3f elementor-arrows-position-outside elementor-pagination-position-outside elementor-widget elementor-widget-image-carousel\" data-id=\"9936c3f\" data-element_type=\"widget\" data-e-type=\"widget\" data-settings=\"{&quot;slides_to_show&quot;:&quot;1&quot;,&quot;lazyload&quot;:&quot;yes&quot;,&quot;navigation&quot;:&quot;both&quot;,&quot;autoplay&quot;:&quot;yes&quot;,&quot;pause_on_hover&quot;:&quot;yes&quot;,&quot;pause_on_interaction&quot;:&quot;yes&quot;,&quot;autoplay_speed&quot;:5000,&quot;infinite&quot;:&quot;yes&quot;,&quot;effect&quot;:&quot;slide&quot;,&quot;speed&quot;:500}\" data-widget_type=\"image-carousel.default\">\n\t\t\t\t<div class=\"elementor-widget-container\">\n\t\t\t\t\t\t\t<div class=\"elementor-image-carousel-wrapper swiper\" role=\"region\" aria-roledescription=\"carousel\" aria-label=\"Bild Karussell\" dir=\"ltr\">\n\t\t\t<div class=\"elementor-image-carousel swiper-wrapper\" aria-live=\"off\">\n\t\t\t\t\t\t\t\t<div class=\"swiper-slide\" role=\"group\" aria-roledescription=\"slide\" aria-label=\"1 von 2\"><a data-elementor-open-lightbox=\"yes\" data-elementor-lightbox-slideshow=\"9936c3f\" data-e-action-hash=\"#elementor-action%3Aaction%3Dlightbox%26settings%3DeyJpZCI6NTk5NywidXJsIjoiaHR0cHM6XC9cL3RyYWdvcy5nclwvd3AtY29udGVudFwvdXBsb2Fkc1wvMjAyNVwvMTBcL1RGLVx1MDM5YVx1MDM5Zlx1MDNhMVx1MDNhOVx1MDM5ZFx1MDM5NVx1MDM5OVx1MDM5YVx1MDM5N183NTBNTC1Cb3R0bGVfR0VSTUFOLUZST05ULndlYnAiLCJzbGlkZXNob3ciOiI5OTM2YzNmIn0%3D\" href=\"https:\/\/tragos.gr\/wp-content\/uploads\/2025\/10\/TF-\u039a\u039f\u03a1\u03a9\u039d\u0395\u0399\u039a\u0397_750ML-Bottle_GERMAN-FRONT.webp\"><figure class=\"swiper-slide-inner\"><img class=\"swiper-slide-image swiper-lazy\" data-src=\"https:\/\/tragos.gr\/wp-content\/uploads\/elementor\/thumbs\/TF-\u039a\u039f\u03a1\u03a9\u039d\u0395\u0399\u039a\u0397_750ML-Bottle_GERMAN-FRONT-rczv4gpn5wagm7pxd2e1nbzope3e1804fokqywdatc.webp\" alt=\"T&amp;F \u039a\u039f\u03a1\u03a9\u039d\u0395\u0399\u039a\u0397_750ML-Bottle_GERMAN-FRONT\" \/><div class=\"swiper-lazy-preloader\"><\/div><\/figure><\/a><\/div><div class=\"swiper-slide\" role=\"group\" aria-roledescription=\"slide\" aria-label=\"2 von 2\"><a data-elementor-open-lightbox=\"yes\" data-elementor-lightbox-slideshow=\"9936c3f\" data-e-action-hash=\"#elementor-action%3Aaction%3Dlightbox%26settings%3DeyJpZCI6NTk5NCwidXJsIjoiaHR0cHM6XC9cL3RyYWdvcy5nclwvd3AtY29udGVudFwvdXBsb2Fkc1wvMjAyNVwvMTBcL1RGLVx1MDM5YVx1MDM5Zlx1MDNhMVx1MDNhOVx1MDM5ZFx1MDM5NVx1MDM5OVx1MDM5YVx1MDM5N183NTBNTC1Cb3R0bGVfR0VSTUFOLUJBQ0sud2VicCIsInNsaWRlc2hvdyI6Ijk5MzZjM2YifQ%3D%3D\" href=\"https:\/\/tragos.gr\/wp-content\/uploads\/2025\/10\/TF-\u039a\u039f\u03a1\u03a9\u039d\u0395\u0399\u039a\u0397_750ML-Bottle_GERMAN-BACK.webp\"><figure class=\"swiper-slide-inner\"><img class=\"swiper-slide-image swiper-lazy\" data-src=\"https:\/\/tragos.gr\/wp-content\/uploads\/elementor\/thumbs\/TF-\u039a\u039f\u03a1\u03a9\u039d\u0395\u0399\u039a\u0397_750ML-Bottle_GERMAN-BACK-rczv4frsz296alraijzf2u884080tiwe3jx9hmeozk.webp\" alt=\"T&amp;F \u039a\u039f\u03a1\u03a9\u039d\u0395\u0399\u039a\u0397_750ML-Bottle_GERMAN-BACK\" \/><div class=\"swiper-lazy-preloader\"><\/div><\/figure><\/a><\/div>\t\t\t<\/div>\n\t\t\t\t\t\t\t\t\t\t\t\t<div class=\"elementor-swiper-button elementor-swiper-button-prev\" role=\"button\" tabindex=\"0\">\n\t\t\t\t\t\t<i aria-hidden=\"true\" class=\"eicon-chevron-left\"><\/i>\t\t\t\t\t<\/div>\n\t\t\t\t\t<div class=\"elementor-swiper-button elementor-swiper-button-next\" role=\"button\" tabindex=\"0\">\n\t\t\t\t\t\t<i aria-hidden=\"true\" class=\"eicon-chevron-right\"><\/i>\t\t\t\t\t<\/div>\n\t\t\t\t\n\t\t\t\t\t\t\t\t\t<div class=\"swiper-pagination\"><\/div>\n\t\t\t\t\t\t\t\t\t<\/div>\n\t\t\t\t\t\t<\/div>\n\t\t\t\t<\/div>\n\t\t\t\t<div class=\"elementor-element elementor-element-7d4a3f3 elementor-widget elementor-widget-text-editor\" data-id=\"7d4a3f3\" data-element_type=\"widget\" data-e-type=\"widget\" data-widget_type=\"text-editor.default\">\n\t\t\t\t<div class=\"elementor-widget-container\">\n\t\t\t\t\t\t\t\t\t<p style=\"text-align: center;\"><em><strong>TRAGOS and Friends<\/strong><br \/><strong>Oliven\u00f6l extra vergine (\u0392\u0399\u039f)<\/strong><br \/>(Verpackung: 750ml, Glasflasche)<\/em><\/p>\t\t\t\t\t\t\t\t<\/div>\n\t\t\t\t<\/div>\n\t\t\t\t\t<\/div>\n\t\t<\/div>\n\t\t\t\t<div class=\"elementor-column elementor-col-25 elementor-inner-column elementor-element elementor-element-b93ea9b\" data-id=\"b93ea9b\" data-element_type=\"column\" data-e-type=\"column\">\n\t\t\t<div class=\"elementor-widget-wrap\">\n\t\t\t\t\t\t\t<\/div>\n\t\t<\/div>\n\t\t\t\t\t<\/div>\n\t\t<\/section>\n\t\t\t\t\t<\/div>\n\t\t<\/div>\n\t\t\t\t\t<\/div>\n\t\t<\/section>\n\t\t\t\t<section class=\"elementor-section elementor-top-section elementor-element elementor-element-08f0cb6 elementor-section-full_width elementor-hidden-desktop elementor-hidden-tablet elementor-hidden-mobile elementor-section-height-default elementor-section-height-default\" data-id=\"08f0cb6\" data-element_type=\"section\" data-e-type=\"section\" data-settings=\"{&quot;background_background&quot;:&quot;classic&quot;}\">\n\t\t\t\t\t\t\t<div class=\"elementor-background-overlay\"><\/div>\n\t\t\t\t\t\t\t<div class=\"elementor-container elementor-column-gap-default\">\n\t\t\t\t\t<div class=\"elementor-column elementor-col-100 elementor-top-column elementor-element elementor-element-3742d5c\" data-id=\"3742d5c\" data-element_type=\"column\" data-e-type=\"column\">\n\t\t\t<div class=\"elementor-widget-wrap elementor-element-populated\">\n\t\t\t\t\t\t<div class=\"elementor-element elementor-element-a2d9bf3 elementor-widget elementor-widget-heading\" data-id=\"a2d9bf3\" data-element_type=\"widget\" data-e-type=\"widget\" data-widget_type=\"heading.default\">\n\t\t\t\t<div class=\"elementor-widget-container\">\n\t\t\t\t\t<h2 class=\"elementor-heading-title elementor-size-default\">\u00ab\u03a4\u03a1\u0391\u0393\u039f\u03a3\u00bb<br>\n\u0395\u03be\u03b1\u03b9\u03c1\u03b5\u03c4\u03b9\u03ba\u03cc \u03c0\u03b1\u03c1\u03b8\u03ad\u03bd\u03bf \u03b5\u03bb\u03b1\u03b9\u03cc\u03bb\u03b1\u03b4\u03bf (\u0392\u0399\u039f)<\/h2>\t\t\t\t<\/div>\n\t\t\t\t<\/div>\n\t\t\t\t<div class=\"elementor-element elementor-element-42baefa elementor-hidden-desktop elementor-hidden-tablet elementor-hidden-mobile elementor-widget-divider--view-line elementor-widget elementor-widget-divider\" data-id=\"42baefa\" data-element_type=\"widget\" data-e-type=\"widget\" data-widget_type=\"divider.default\">\n\t\t\t\t<div class=\"elementor-widget-container\">\n\t\t\t\t\t\t\t<div class=\"elementor-divider\">\n\t\t\t<span class=\"elementor-divider-separator\">\n\t\t\t\t\t\t<\/span>\n\t\t<\/div>\n\t\t\t\t\t\t<\/div>\n\t\t\t\t<\/div>\n\t\t\t\t<section class=\"elementor-section elementor-inner-section elementor-element elementor-element-0d7621d elementor-section-full_width elementor-section-height-default elementor-section-height-default\" data-id=\"0d7621d\" data-element_type=\"section\" data-e-type=\"section\">\n\t\t\t\t\t\t<div class=\"elementor-container elementor-column-gap-default\">\n\t\t\t\t\t<div class=\"elementor-column elementor-col-25 elementor-inner-column elementor-element elementor-element-da05472\" data-id=\"da05472\" data-element_type=\"column\" data-e-type=\"column\">\n\t\t\t<div class=\"elementor-widget-wrap\">\n\t\t\t\t\t\t\t<\/div>\n\t\t<\/div>\n\t\t\t\t<div class=\"elementor-column elementor-col-25 elementor-inner-column elementor-element elementor-element-27ea95e\" data-id=\"27ea95e\" data-element_type=\"column\" data-e-type=\"column\">\n\t\t\t<div class=\"elementor-widget-wrap elementor-element-populated\">\n\t\t\t\t\t\t<div class=\"elementor-element elementor-element-3a8f858 elementor-widget elementor-widget-text-editor\" data-id=\"3a8f858\" data-element_type=\"widget\" data-e-type=\"widget\" data-widget_type=\"text-editor.default\">\n\t\t\t\t<div class=\"elementor-widget-container\">\n\t\t\t\t\t\t\t\t\t<p>\u03a4\u03bf \u03b5\u03be\u03b1\u03b9\u03c1\u03b5\u03c4\u03b9\u03ba\u03cc \u03c0\u03b1\u03c1\u03b8\u03ad\u03bd\u03bf \u03b5\u03bb\u03b1\u03b9\u03cc\u03bb\u03b1\u03b4\u03bf \u00ab\u03a4\u03a1\u0391\u0393\u039f\u03a3\u00bb \u03c0\u03b1\u03c1\u03ac\u03b3\u03b5\u03c4\u03b1\u03b9 \u03b1\u03c0\u03cc \u03b5\u03bb\u03b9\u03ad\u03c2 \u03c4\u03b7\u03c2 \u03c0\u03bf\u03b9\u03ba\u03b9\u03bb\u03af\u03b1\u03c2 <em>\u00ab\u039c\u03b1\u03bd\u03ac\u03ba\u03b9\u00bb<\/em>, \u03bf\u03b9 \u03bf\u03c0\u03bf\u03af\u03b5\u03c2 \u03c3\u03c5\u03b3\u03ba\u03bf\u03bc\u03af\u03b6\u03bf\u03bd\u03c4\u03b1\u03b9 \u03bd\u03c9\u03c1\u03af\u03c2, \u03ae\u03c4\u03bf\u03b9 \u03bc\u03ad\u03c3\u03b1\/\u03c4\u03ad\u03bb\u03b7 \u039f\u03ba\u03c4\u03ce\u03b2\u03c1\u03b7, \u03c3\u03b5 \u03b5\u03bb\u03b1\u03b9\u03ce\u03bd\u03b5\u03c2 \u03c0\u03bf\u03c5 \u03b2\u03c1\u03af\u03c3\u03ba\u03bf\u03bd\u03c4\u03b1\u03b9 \u03c3\u03c4\u03b7\u03bd \u03c0\u03b5\u03c1\u03b9\u03bf\u03c7\u03ae \u03c4\u03b7\u03c2 \u0391\u03c1\u03c7\u03b1\u03af\u03b1\u03c2 \u039a\u03bf\u03c1\u03af\u03bd\u03b8\u03bf\u03c5 (\u0391\u03b8\u03af\u03ba\u03b9\u03b1 \u039a\u03bf\u03c1\u03b9\u03bd\u03b8\u03af\u03b1\u03c2). \u039c\u03ad\u03c3\u03c9 \u03c4\u03b7\u03c2 \u03c0\u03c1\u03ce\u03b9\u03bc\u03b7\u03c2 \u03c3\u03c5\u03b3\u03ba\u03bf\u03bc\u03b9\u03b4\u03ae\u03c2 \u03ba\u03b1\u03b9 \u03c4\u03b7\u03c2 \u03ac\u03bc\u03b5\u03c3\u03b7\u03c2 \u03ad\u03ba\u03b8\u03bb\u03b9\u03c8\u03b7\u03c2 \u03b5\u03c0\u03b9\u03c4\u03c5\u03b3\u03c7\u03ac\u03bd\u03b5\u03c4\u03b1\u03b9 \u03b7 \u03c0\u03b1\u03c1\u03b1\u03b3\u03c9\u03b3\u03ae \u03b5\u03bd\u03cc\u03c2 \u03ad\u03bd\u03c4\u03bf\u03bd\u03b1 \u03b1\u03c1\u03c9\u03bc\u03b1\u03c4\u03b9\u03ba\u03bf\u03cd \u03ba\u03b1\u03b9 \u03c6\u03c1\u03bf\u03c5\u03c4\u03ce\u03b4\u03bf\u03c5\u03c2 \u03b5\u03bb\u03b1\u03b9\u03cc\u03bb\u03b1\u03b4\u03bf\u03c5.<\/p><p>\u03a4\u03bf \u039c\u03b1\u03bd\u03ac\u03ba\u03b9 \u03ad\u03c7\u03b5\u03b9 \u00ab\u03b2\u03b1\u03b8\u03b9\u03ad\u03c2 \u03c1\u03af\u03b6\u03b5\u03c2\u00bb \u03c3\u03c4\u03b7\u03bd \u03c0\u03b5\u03c1\u03b9\u03bf\u03c7\u03ae \u03c4\u03b7\u03c2 \u039a\u03bf\u03c1\u03af\u03bd\u03b8\u03bf\u03c5 \u03ba\u03b1\u03b9 \u03b5\u03c5\u03b4\u03bf\u03ba\u03b9\u03bc\u03b5\u03af \u03ad\u03be\u03bf\u03c7\u03b1 \u03b5\u03ba\u03b5\u03af\u0387 \u03b5\u03be \u03bf\u03c5 \u03ba\u03b1\u03b9 \u03b7 \u03c0\u03bf\u03b9\u03ba\u03b9\u03bb\u03af\u03b1 \u03b1\u03c5\u03c4\u03ae \u03b5\u03af\u03bd\u03b1\u03b9 \u03b5\u03c5\u03c1\u03ad\u03c9\u03c2 \u03b3\u03bd\u03c9\u03c3\u03c4\u03ae \u03ba\u03b1\u03b9 \u03c9\u03c2 \u00ab<em>\u039a\u03bf\u03b8\u03c1\u03ad\u03b9\u03ba\u03b7<\/em>\u00bb (<em>\u039a\u03bf\u03c1\u03b9\u03bd\u03b8\u03b9\u03b1\u03ba\u03ae<\/em>).<\/p><p style=\"text-align: left;\">\u039f\u03b9 \u03b5\u03bb\u03b1\u03b9\u03ce\u03bd\u03b5\u03c2 \u03c0\u03bf\u03c5 \u03c7\u03c1\u03b7\u03c3\u03b9\u03bc\u03bf\u03c0\u03bf\u03b9\u03bf\u03cd\u03bd\u03c4\u03b1\u03b9 \u03b3\u03b9\u03b1 \u03c4\u03b7\u03bd \u03c0\u03b1\u03c1\u03b1\u03b3\u03c9\u03b3\u03ae \u03c4\u03bf\u03c5 \u03b5\u03bb\u03b1\u03b9\u03cc\u03bb\u03b1\u03b4\u03bf\u03c5 \u03b5\u03af\u03bd\u03b1\u03b9 \u00ab\u03be\u03b5\u03c1\u03b9\u03ba\u03bf\u03af\u00bb, \u03ae\u03c4\u03bf\u03b9 \u03bc\u03b7 \u03b1\u03c1\u03b4\u03b5\u03c5\u03cc\u03bc\u03b5\u03bd\u03bf\u03b9, \u03ba\u03b1\u03b9 \u00ab\u03c0\u03b1\u03bb\u03b1\u03b9\u03ac\u03c2 (\u03b1\u03c1\u03b1\u03b9\u03ae\u03c2) \u03c6\u03cd\u03c4\u03b5\u03c5\u03c3\u03b7\u03c2\u00bb, \u03ce\u03c3\u03c4\u03b5 \u03c4\u03b1 \u03b4\u03ad\u03bd\u03c4\u03c1\u03b1 \u03bd\u03b1 \u03b4\u03b9\u03b1\u03b8\u03ad\u03c4\u03bf\u03c5\u03bd \u03b5\u03c0\u03b1\u03c1\u03ba\u03ae \u03b6\u03c9\u03c4\u03b9\u03ba\u03cc \u03c7\u03ce\u03c1\u03bf \u03ba\u03b1\u03b9 \u03bd\u03b1 \u03bc\u03b7\u03bd \u03b1\u03bd\u03c4\u03b1\u03b3\u03c9\u03bd\u03af\u03b6\u03bf\u03bd\u03c4\u03b1\u03b9 \u03b3\u03b9\u03b1 \u03c5\u03b3\u03c1\u03b1\u03c3\u03af\u03b1 \u03ba\u03b1\u03b9 \u03c4\u03c1\u03bf\u03c6\u03ae. \u0388\u03c7\u03bf\u03c5\u03bd \u03c4\u03b5\u03b8\u03b5\u03af \u03c3\u03c4\u03b7 \u03b4\u03b9\u03ac\u03b8\u03b5\u03c3\u03b7 \u03c4\u03bf\u03c5 \u03c0\u03c1\u03cc\u03c4\u03b6\u03b5\u03ba\u03c4 \u03b1\u03c0\u03cc \u03c4\u03bf\u03c5\u03c2 \u03b5\u03c4\u03b1\u03af\u03c1\u03bf\u03c5\u03c2 \u03c4\u03bf\u03c5 \u03a4\u03a1\u0391\u0393\u039f\u03a5 \u03ae \u03c6\u03b9\u03bb\u03b9\u03ba\u03ac\/\u03bf\u03b9\u03ba\u03bf\u03b3\u03b5\u03bd\u03b5\u03b9\u03b1\u03ba\u03ac \u03c4\u03bf\u03c5\u03c2 \u03c0\u03c1\u03cc\u03c3\u03c9\u03c0\u03b1 \u03ba\u03b1\u03b9 \u03b7 \u03ba\u03b1\u03bb\u03bb\u03b9\u03ad\u03c1\u03b3\u03b5\u03b9\u03b1 \u03c4\u03bf\u03c5\u03c2 \u03b4\u03b9\u03b5\u03be\u03ac\u03b3\u03b5\u03c4\u03b1\u03b9 \u03b1\u03c0\u03cc \u03c4\u03bf\u03bd \u03c0\u03b1\u03c1\u03b1\u03b3\u03c9\u03b3\u03cc <em>Elton Berdufi<\/em> \u03bc\u03b5 \u03bc\u03ad\u03b3\u03b9\u03c3\u03c4\u03bf \u03c3\u03b5\u03b2\u03b1\u03c3\u03bc\u03cc \u03b3\u03b9\u03b1 \u03c4\u03b1 \u03b4\u03ad\u03bd\u03b4\u03c1\u03b1 \u03ba\u03b1\u03b9 \u03c4\u03bf \u03c0\u03b5\u03c1\u03b9\u03b2\u03ac\u03bb\u03bb\u03bf\u03bd \u03c4\u03bf\u03c5\u03c2.<\/p>\t\t\t\t\t\t\t\t<\/div>\n\t\t\t\t<\/div>\n\t\t\t\t\t<\/div>\n\t\t<\/div>\n\t\t\t\t<div class=\"elementor-column elementor-col-25 elementor-inner-column elementor-element elementor-element-c57b2bb\" data-id=\"c57b2bb\" data-element_type=\"column\" data-e-type=\"column\" data-settings=\"{&quot;background_background&quot;:&quot;classic&quot;}\">\n\t\t\t<div class=\"elementor-widget-wrap elementor-element-populated\">\n\t\t\t\t\t\t<div class=\"elementor-element elementor-element-6b84952 elementor--h-position-center elementor--v-position-middle elementor-arrows-position-inside elementor-pagination-position-inside elementor-widget elementor-widget-slides\" data-id=\"6b84952\" data-element_type=\"widget\" data-e-type=\"widget\" data-settings=\"{&quot;navigation&quot;:&quot;both&quot;,&quot;autoplay&quot;:&quot;yes&quot;,&quot;pause_on_hover&quot;:&quot;yes&quot;,&quot;pause_on_interaction&quot;:&quot;yes&quot;,&quot;autoplay_speed&quot;:5000,&quot;infinite&quot;:&quot;yes&quot;,&quot;transition&quot;:&quot;slide&quot;,&quot;transition_speed&quot;:500}\" data-widget_type=\"slides.default\">\n\t\t\t\t<div class=\"elementor-widget-container\">\n\t\t\t\t\t\t\t\t\t<div class=\"elementor-swiper\">\n\t\t\t\t\t<div class=\"elementor-slides-wrapper elementor-main-swiper swiper\" role=\"region\" aria-roledescription=\"carousel\" aria-label=\"Slides\" dir=\"ltr\" data-animation=\"fadeInUp\">\n\t\t\t\t<div class=\"swiper-wrapper elementor-slides\">\n\t\t\t\t\t\t\t\t\t\t<div class=\"elementor-repeater-item-a8fe8a8 swiper-slide\" role=\"group\" aria-roledescription=\"slide\"><div class=\"swiper-slide-bg\" role=\"img\" aria-label=\"Tragos-and-Friends-3LT-Front.png\"><\/div><div class=\"swiper-slide-inner\" ><div class=\"swiper-slide-contents\"><\/div><\/div><\/div><div class=\"elementor-repeater-item-5c55503 swiper-slide\" role=\"group\" aria-roledescription=\"slide\"><div class=\"swiper-slide-bg\" role=\"img\" aria-label=\"Tragos-and-Friends-3LT-Back.png\"><\/div><div class=\"swiper-slide-inner\" ><div class=\"swiper-slide-contents\"><\/div><\/div><\/div>\t\t\t\t<\/div>\n\t\t\t\t\t\t\t\t\t\t\t\t\t\t\t<div class=\"elementor-swiper-button elementor-swiper-button-prev\" role=\"button\" tabindex=\"0\" aria-label=\"Previous slide\">\n\t\t\t\t\t\t\t<i aria-hidden=\"true\" class=\"eicon-chevron-left\"><\/i>\t\t\t\t\t\t<\/div>\n\t\t\t\t\t\t<div class=\"elementor-swiper-button elementor-swiper-button-next\" role=\"button\" tabindex=\"0\" aria-label=\"Next slide\">\n\t\t\t\t\t\t\t<i aria-hidden=\"true\" class=\"eicon-chevron-right\"><\/i>\t\t\t\t\t\t<\/div>\n\t\t\t\t\t\t\t\t\t\t\t\t\t\t\t\t<div class=\"swiper-pagination\"><\/div>\n\t\t\t\t\t\t\t\t\t\t\t\t<\/div>\n\t\t\t\t<\/div>\n\t\t\t\t\t\t\t\t<\/div>\n\t\t\t\t<\/div>\n\t\t\t\t<div class=\"elementor-element elementor-element-64d6f59 elementor-widget elementor-widget-text-editor\" data-id=\"64d6f59\" data-element_type=\"widget\" data-e-type=\"widget\" data-widget_type=\"text-editor.default\">\n\t\t\t\t<div class=\"elementor-widget-container\">\n\t\t\t\t\t\t\t\t\t<p style=\"text-align: center;\"><em><strong>\u03a4\u03a1\u0391\u0393\u039f\u03a3<\/strong><br \/><strong>\u0395\u03be\u03b1\u03b9\u03c1\u03b5\u03c4\u03b9\u03ba\u03ac \u03a0\u03b1\u03c1\u03b8\u03ad\u03bd\u03bf \u0395\u03bb\u03b1\u03b9\u03cc\u03bb\u03b1\u03b4\u03bf (\u0392\u0399\u039f)<\/strong><br \/>(\u03a3\u03c5\u03c3\u03ba\u03b5\u03c5\u03b1\u03c3\u03af\u03b1: 1 \u039b\u03af\u03c4\u03c1\u03bf, \u03b3\u03c5\u03ac\u03bb\u03b9\u03bd\u03b7 \u03c6\u03b9\u03ac\u03bb\u03b7)<\/em><\/p>\t\t\t\t\t\t\t\t<\/div>\n\t\t\t\t<\/div>\n\t\t\t\t\t<\/div>\n\t\t<\/div>\n\t\t\t\t<div class=\"elementor-column elementor-col-25 elementor-inner-column elementor-element elementor-element-1c84a22\" data-id=\"1c84a22\" data-element_type=\"column\" data-e-type=\"column\">\n\t\t\t<div class=\"elementor-widget-wrap\">\n\t\t\t\t\t\t\t<\/div>\n\t\t<\/div>\n\t\t\t\t\t<\/div>\n\t\t<\/section>\n\t\t\t\t\t<\/div>\n\t\t<\/div>\n\t\t\t\t\t<\/div>\n\t\t<\/section>\n\t\t\t\t<\/div>\n\t\t","protected":false},"excerpt":{"rendered":"<p>\u00abTRAGOS and Friends\u00bb Oliven\u00f6l extra vergine (BIO) Das Oliven\u00f6l extra vergine &#8222;TRAGOS and Friends&#8220; (BIO) wird aus Oliven der Sorte &#8222;Koroneiki&#8220;, welche Ende Oktober\/Anfang November in Hainen in der Region des Antiken Korinths geerntet werden, produziert. Die fr\u00fche Ernte, die gute Qualit\u00e4t der Fr\u00fcchte und die sofortige Pressung tragen zur Entstehung dieses fruchtigen und delikat [&hellip;]<\/p>\n","protected":false},"author":2,"featured_media":0,"parent":0,"menu_order":0,"comment_status":"closed","ping_status":"closed","template":"elementor_header_footer","meta":{"footnotes":""},"class_list":["post-5797","page","type-page","status-publish","hentry"],"_links":{"self":[{"href":"https:\/\/tragos.gr\/de\/wp-json\/wp\/v2\/pages\/5797","targetHints":{"allow":["GET"]}}],"collection":[{"href":"https:\/\/tragos.gr\/de\/wp-json\/wp\/v2\/pages"}],"about":[{"href":"https:\/\/tragos.gr\/de\/wp-json\/wp\/v2\/types\/page"}],"author":[{"embeddable":true,"href":"https:\/\/tragos.gr\/de\/wp-json\/wp\/v2\/users\/2"}],"replies":[{"embeddable":true,"href":"https:\/\/tragos.gr\/de\/wp-json\/wp\/v2\/comments?post=5797"}],"version-history":[{"count":0,"href":"https:\/\/tragos.gr\/de\/wp-json\/wp\/v2\/pages\/5797\/revisions"}],"wp:attachment":[{"href":"https:\/\/tragos.gr\/de\/wp-json\/wp\/v2\/media?parent=5797"}],"curies":[{"name":"wp","href":"https:\/\/api.w.org\/{rel}","templated":true}]}}