{"id":5786,"date":"2025-10-03T18:06:29","date_gmt":"2025-10-03T16:06:29","guid":{"rendered":"https:\/\/tragos.gr\/tragos-and-friends-extra-virgin-olive-oil-750ml\/"},"modified":"2025-11-10T12:21:42","modified_gmt":"2025-11-10T11:21:42","slug":"tragos-and-friends-olivenoel-extra-vergine-750ml","status":"publish","type":"page","link":"https:\/\/tragos.gr\/de\/tragos-and-friends-olivenoel-extra-vergine-750ml\/","title":{"rendered":"TRAGOS and Friends Oliven\u00f6l extra vergine &#8211; 750ml"},"content":{"rendered":"\t\t<div data-elementor-type=\"wp-post\" data-elementor-id=\"5786\" class=\"elementor elementor-5786 elementor-5608\" data-elementor-post-type=\"page\">\n\t\t\t\t\t\t<section class=\"elementor-section elementor-top-section elementor-element elementor-element-dc8d03f elementor-section-full_width elementor-section-height-default elementor-section-height-default\" data-id=\"dc8d03f\" data-element_type=\"section\" data-e-type=\"section\" data-settings=\"{&quot;background_background&quot;:&quot;classic&quot;}\">\n\t\t\t\t\t\t\t<div class=\"elementor-background-overlay\"><\/div>\n\t\t\t\t\t\t\t<div class=\"elementor-container elementor-column-gap-default\">\n\t\t\t\t\t<div class=\"elementor-column elementor-col-100 elementor-top-column elementor-element elementor-element-844fba0\" data-id=\"844fba0\" data-element_type=\"column\" data-e-type=\"column\">\n\t\t\t<div class=\"elementor-widget-wrap elementor-element-populated\">\n\t\t\t\t\t\t<div class=\"elementor-element elementor-element-ea1bbe9 elementor-widget elementor-widget-heading\" data-id=\"ea1bbe9\" data-element_type=\"widget\" data-e-type=\"widget\" data-widget_type=\"heading.default\">\n\t\t\t\t<div class=\"elementor-widget-container\">\n\t\t\t\t\t<h2 class=\"elementor-heading-title elementor-size-default\">\u00abTRAGOS and Friends\u00bb<br>\nOliven\u00f6l extra vergine<\/h2>\t\t\t\t<\/div>\n\t\t\t\t<\/div>\n\t\t\t\t<div class=\"elementor-element elementor-element-1f8927a elementor-hidden-desktop elementor-hidden-tablet elementor-hidden-mobile elementor-widget-divider--view-line elementor-widget elementor-widget-divider\" data-id=\"1f8927a\" data-element_type=\"widget\" data-e-type=\"widget\" data-widget_type=\"divider.default\">\n\t\t\t\t<div class=\"elementor-widget-container\">\n\t\t\t\t\t\t\t<div class=\"elementor-divider\">\n\t\t\t<span class=\"elementor-divider-separator\">\n\t\t\t\t\t\t<\/span>\n\t\t<\/div>\n\t\t\t\t\t\t<\/div>\n\t\t\t\t<\/div>\n\t\t\t\t<section class=\"elementor-section elementor-inner-section elementor-element elementor-element-0fcfd3f elementor-section-full_width elementor-section-height-default elementor-section-height-default\" data-id=\"0fcfd3f\" data-element_type=\"section\" data-e-type=\"section\">\n\t\t\t\t\t\t<div class=\"elementor-container elementor-column-gap-default\">\n\t\t\t\t\t<div class=\"elementor-column elementor-col-25 elementor-inner-column elementor-element elementor-element-8caded3\" data-id=\"8caded3\" data-element_type=\"column\" data-e-type=\"column\">\n\t\t\t<div class=\"elementor-widget-wrap\">\n\t\t\t\t\t\t\t<\/div>\n\t\t<\/div>\n\t\t\t\t<div class=\"elementor-column elementor-col-25 elementor-inner-column elementor-element elementor-element-b4d4346\" data-id=\"b4d4346\" data-element_type=\"column\" data-e-type=\"column\">\n\t\t\t<div class=\"elementor-widget-wrap elementor-element-populated\">\n\t\t\t\t\t\t<div class=\"elementor-element elementor-element-9f189fd elementor-widget elementor-widget-text-editor\" data-id=\"9f189fd\" data-element_type=\"widget\" data-e-type=\"widget\" data-widget_type=\"text-editor.default\">\n\t\t\t\t<div class=\"elementor-widget-container\">\n\t\t\t\t\t\t\t\t\t<p>Das Oliven\u00f6l extra vergine &#8222;TRAGOS and Friends&#8220; wird aus Oliven der Sorte &#8222;Manaki&#8220;, die Ende Oktober \/ Anfang November in Hainen in der Region des \u0391ntiken Korinths geerntet werden. Die ausgezeichnete Qualit\u00e4t der Fr\u00fcchte und ihre sofortige Pressung lassen ein Oliven\u00f6l entstehen, welches den Geschmack und die Aromata, die f\u00fcr das Manaki so charakteristisch sind, zur vollen Geltung bringen!<\/p><p>Das Manaki hat &#8222;tiefe Wurzeln&#8220; in der Region Korinth und wird dort weit verbreitet angebaut; daher wird diese Sorte im Volksmund auch die &#8222;Korinthische&#8220; genannt.<\/p><p>Wenige Leute \u201e&#8220;unterhalten sich&#8220; mit dem Olivenbaum, wie es Dimitris (Takis) Romesis tut, und dies ist wohl der Grund, weshalb er seine Geheimnisse so gut kennt. Unsere Zusammenarbeit mit ihm und seiner Familie ist uns eine gro\u00dfe Freude und Ehre!<\/p>\t\t\t\t\t\t\t\t<\/div>\n\t\t\t\t<\/div>\n\t\t\t\t<div class=\"elementor-element elementor-element-3fdd84c elementor-align-left elementor-widget elementor-widget-button\" data-id=\"3fdd84c\" data-element_type=\"widget\" data-e-type=\"widget\" data-widget_type=\"button.default\">\n\t\t\t\t<div class=\"elementor-widget-container\">\n\t\t\t\t\t\t\t\t\t<div class=\"elementor-button-wrapper\">\n\t\t\t\t\t<a class=\"elementor-button elementor-button-link elementor-size-md\" href=\"https:\/\/www.tragos.gr\/de\/#Products\">\n\t\t\t\t\t\t<span class=\"elementor-button-content-wrapper\">\n\t\t\t\t\t\t\t\t\t<span class=\"elementor-button-text\">zur\u00fcck zu den PRODUKTEN<\/span>\n\t\t\t\t\t<\/span>\n\t\t\t\t\t<\/a>\n\t\t\t\t<\/div>\n\t\t\t\t\t\t\t\t<\/div>\n\t\t\t\t<\/div>\n\t\t\t\t\t<\/div>\n\t\t<\/div>\n\t\t\t\t<div class=\"elementor-column elementor-col-25 elementor-inner-column elementor-element elementor-element-8de783e\" data-id=\"8de783e\" data-element_type=\"column\" data-e-type=\"column\" data-settings=\"{&quot;background_background&quot;:&quot;classic&quot;}\">\n\t\t\t<div class=\"elementor-widget-wrap elementor-element-populated\">\n\t\t\t\t\t\t<div class=\"elementor-element elementor-element-9437d9a elementor-arrows-position-outside elementor-pagination-position-outside elementor-widget elementor-widget-image-carousel\" data-id=\"9437d9a\" data-element_type=\"widget\" data-e-type=\"widget\" data-settings=\"{&quot;slides_to_show&quot;:&quot;1&quot;,&quot;lazyload&quot;:&quot;yes&quot;,&quot;navigation&quot;:&quot;both&quot;,&quot;autoplay&quot;:&quot;yes&quot;,&quot;pause_on_hover&quot;:&quot;yes&quot;,&quot;pause_on_interaction&quot;:&quot;yes&quot;,&quot;autoplay_speed&quot;:5000,&quot;infinite&quot;:&quot;yes&quot;,&quot;effect&quot;:&quot;slide&quot;,&quot;speed&quot;:500}\" data-widget_type=\"image-carousel.default\">\n\t\t\t\t<div class=\"elementor-widget-container\">\n\t\t\t\t\t\t\t<div class=\"elementor-image-carousel-wrapper swiper\" role=\"region\" aria-roledescription=\"carousel\" aria-label=\"Bild Karussell\" dir=\"ltr\">\n\t\t\t<div class=\"elementor-image-carousel swiper-wrapper\" aria-live=\"off\">\n\t\t\t\t\t\t\t\t<div class=\"swiper-slide\" role=\"group\" aria-roledescription=\"slide\" aria-label=\"1 von 2\"><a data-elementor-open-lightbox=\"yes\" data-elementor-lightbox-slideshow=\"9437d9a\" data-e-action-hash=\"#elementor-action%3Aaction%3Dlightbox%26settings%3DeyJpZCI6NTk4NSwidXJsIjoiaHR0cHM6XC9cL3RyYWdvcy5nclwvd3AtY29udGVudFwvdXBsb2Fkc1wvMjAyNVwvMTBcL1RGLU1BTkFLSV83NTBNTC1Cb3R0bGVfR0VSTUFOLUZST05ULndlYnAiLCJzbGlkZXNob3ciOiI5NDM3ZDlhIn0%3D\" href=\"https:\/\/tragos.gr\/wp-content\/uploads\/2025\/10\/TF-MANAKI_750ML-Bottle_GERMAN-FRONT.webp\"><figure class=\"swiper-slide-inner\"><img class=\"swiper-slide-image swiper-lazy\" data-src=\"https:\/\/tragos.gr\/wp-content\/uploads\/elementor\/thumbs\/TF-MANAKI_750ML-Bottle_GERMAN-FRONT-rcznd9pf6g3e3v9knvscjabso87ipqmbpspqb4c0zk.webp\" alt=\"T&amp;F MANAKI_750ML-Bottle_GERMAN-FRONT\" \/><div class=\"swiper-lazy-preloader\"><\/div><\/figure><\/a><\/div><div class=\"swiper-slide\" role=\"group\" aria-roledescription=\"slide\" aria-label=\"2 von 2\"><a data-elementor-open-lightbox=\"yes\" data-elementor-lightbox-slideshow=\"9437d9a\" data-e-action-hash=\"#elementor-action%3Aaction%3Dlightbox%26settings%3DeyJpZCI6NTk4MiwidXJsIjoiaHR0cHM6XC9cL3RyYWdvcy5nclwvd3AtY29udGVudFwvdXBsb2Fkc1wvMjAyNVwvMTBcL1RGLU1BTkFLSV83NTBNTC1Cb3R0bGVfR0VSTUFOLUJBQ0sud2VicCIsInNsaWRlc2hvdyI6Ijk0MzdkOWEifQ%3D%3D\" href=\"https:\/\/tragos.gr\/wp-content\/uploads\/2025\/10\/TF-MANAKI_750ML-Bottle_GERMAN-BACK.webp\"><figure class=\"swiper-slide-inner\"><img class=\"swiper-slide-image swiper-lazy\" data-src=\"https:\/\/tragos.gr\/wp-content\/uploads\/elementor\/thumbs\/TF-MANAKI_750ML-Bottle_GERMAN-BACK-rcznd8rkzm23s9axtddpyskc2uc5i1ildo28tudf5s.webp\" alt=\"T&amp;F MANAKI_750ML-Bottle_GERMAN-BACK\" \/><div class=\"swiper-lazy-preloader\"><\/div><\/figure><\/a><\/div>\t\t\t<\/div>\n\t\t\t\t\t\t\t\t\t\t\t\t<div class=\"elementor-swiper-button elementor-swiper-button-prev\" role=\"button\" tabindex=\"0\">\n\t\t\t\t\t\t<i aria-hidden=\"true\" class=\"eicon-chevron-left\"><\/i>\t\t\t\t\t<\/div>\n\t\t\t\t\t<div class=\"elementor-swiper-button elementor-swiper-button-next\" role=\"button\" tabindex=\"0\">\n\t\t\t\t\t\t<i aria-hidden=\"true\" class=\"eicon-chevron-right\"><\/i>\t\t\t\t\t<\/div>\n\t\t\t\t\n\t\t\t\t\t\t\t\t\t<div class=\"swiper-pagination\"><\/div>\n\t\t\t\t\t\t\t\t\t<\/div>\n\t\t\t\t\t\t<\/div>\n\t\t\t\t<\/div>\n\t\t\t\t<div class=\"elementor-element elementor-element-ddfb302 elementor-widget elementor-widget-text-editor\" data-id=\"ddfb302\" data-element_type=\"widget\" data-e-type=\"widget\" data-widget_type=\"text-editor.default\">\n\t\t\t\t<div class=\"elementor-widget-container\">\n\t\t\t\t\t\t\t\t\t<p style=\"text-align: center;\"><em><strong>TRAGOS and Friends<\/strong><br \/><strong>Oliven\u00f6l extra vergine<\/strong><br \/>(Verpackung: 750ml, Weissblechkanister)<br \/><\/em><\/p>\t\t\t\t\t\t\t\t<\/div>\n\t\t\t\t<\/div>\n\t\t\t\t\t<\/div>\n\t\t<\/div>\n\t\t\t\t<div class=\"elementor-column elementor-col-25 elementor-inner-column elementor-element elementor-element-b93ea9b\" data-id=\"b93ea9b\" data-element_type=\"column\" data-e-type=\"column\">\n\t\t\t<div class=\"elementor-widget-wrap\">\n\t\t\t\t\t\t\t<\/div>\n\t\t<\/div>\n\t\t\t\t\t<\/div>\n\t\t<\/section>\n\t\t\t\t\t<\/div>\n\t\t<\/div>\n\t\t\t\t\t<\/div>\n\t\t<\/section>\n\t\t\t\t<\/div>\n\t\t","protected":false},"excerpt":{"rendered":"<p>\u00abTRAGOS and Friends\u00bb Oliven\u00f6l extra vergine Das Oliven\u00f6l extra vergine &#8222;TRAGOS and Friends&#8220; wird aus Oliven der Sorte &#8222;Manaki&#8220;, die Ende Oktober \/ Anfang November in Hainen in der Region des \u0391ntiken Korinths geerntet werden. Die ausgezeichnete Qualit\u00e4t der Fr\u00fcchte und ihre sofortige Pressung lassen ein Oliven\u00f6l entstehen, welches den Geschmack und die Aromata, die [&hellip;]<\/p>\n","protected":false},"author":2,"featured_media":0,"parent":0,"menu_order":0,"comment_status":"closed","ping_status":"closed","template":"elementor_header_footer","meta":{"footnotes":""},"class_list":["post-5786","page","type-page","status-publish","hentry"],"_links":{"self":[{"href":"https:\/\/tragos.gr\/de\/wp-json\/wp\/v2\/pages\/5786","targetHints":{"allow":["GET"]}}],"collection":[{"href":"https:\/\/tragos.gr\/de\/wp-json\/wp\/v2\/pages"}],"about":[{"href":"https:\/\/tragos.gr\/de\/wp-json\/wp\/v2\/types\/page"}],"author":[{"embeddable":true,"href":"https:\/\/tragos.gr\/de\/wp-json\/wp\/v2\/users\/2"}],"replies":[{"embeddable":true,"href":"https:\/\/tragos.gr\/de\/wp-json\/wp\/v2\/comments?post=5786"}],"version-history":[{"count":0,"href":"https:\/\/tragos.gr\/de\/wp-json\/wp\/v2\/pages\/5786\/revisions"}],"wp:attachment":[{"href":"https:\/\/tragos.gr\/de\/wp-json\/wp\/v2\/media?parent=5786"}],"curies":[{"name":"wp","href":"https:\/\/api.w.org\/{rel}","templated":true}]}}