{"id":4057,"date":"2025-01-10T16:40:32","date_gmt":"2025-01-10T15:40:32","guid":{"rendered":"https:\/\/tragos.gr\/?page_id=4057"},"modified":"2026-04-14T17:41:25","modified_gmt":"2026-04-14T15:41:25","slug":"tragos-olivenoel-extra-vergine-bio","status":"publish","type":"page","link":"https:\/\/tragos.gr\/de\/tragos-olivenoel-extra-vergine-bio\/","title":{"rendered":"TRAGOS Oliven\u00f6l extra vergine (BIO)"},"content":{"rendered":"\t\t<div data-elementor-type=\"wp-post\" data-elementor-id=\"4057\" class=\"elementor elementor-4057 elementor-3824\" data-elementor-post-type=\"page\">\n\t\t\t\t\t\t<section class=\"elementor-section elementor-top-section elementor-element elementor-element-dc8d03f elementor-section-full_width elementor-section-height-default elementor-section-height-default\" data-id=\"dc8d03f\" data-element_type=\"section\" data-e-type=\"section\" data-settings=\"{&quot;background_background&quot;:&quot;classic&quot;}\">\n\t\t\t\t\t\t\t<div class=\"elementor-background-overlay\"><\/div>\n\t\t\t\t\t\t\t<div class=\"elementor-container elementor-column-gap-default\">\n\t\t\t\t\t<div class=\"elementor-column elementor-col-100 elementor-top-column elementor-element elementor-element-844fba0\" data-id=\"844fba0\" data-element_type=\"column\" data-e-type=\"column\">\n\t\t\t<div class=\"elementor-widget-wrap elementor-element-populated\">\n\t\t\t\t\t\t<div class=\"elementor-element elementor-element-ea1bbe9 elementor-widget elementor-widget-heading\" data-id=\"ea1bbe9\" data-element_type=\"widget\" data-e-type=\"widget\" data-widget_type=\"heading.default\">\n\t\t\t\t<div class=\"elementor-widget-container\">\n\t\t\t\t\t<h2 class=\"elementor-heading-title elementor-size-default\">\u00abTRAGOS\u00bb<br>\nOliven\u00f6l extra vergine (BIO)<\/h2>\t\t\t\t<\/div>\n\t\t\t\t<\/div>\n\t\t\t\t<div class=\"elementor-element elementor-element-1f8927a elementor-hidden-desktop elementor-hidden-tablet elementor-hidden-mobile elementor-widget-divider--view-line elementor-widget elementor-widget-divider\" data-id=\"1f8927a\" data-element_type=\"widget\" data-e-type=\"widget\" data-widget_type=\"divider.default\">\n\t\t\t\t<div class=\"elementor-widget-container\">\n\t\t\t\t\t\t\t<div class=\"elementor-divider\">\n\t\t\t<span class=\"elementor-divider-separator\">\n\t\t\t\t\t\t<\/span>\n\t\t<\/div>\n\t\t\t\t\t\t<\/div>\n\t\t\t\t<\/div>\n\t\t\t\t<section class=\"elementor-section elementor-inner-section elementor-element elementor-element-0fcfd3f elementor-section-full_width elementor-section-height-default elementor-section-height-default\" data-id=\"0fcfd3f\" data-element_type=\"section\" data-e-type=\"section\">\n\t\t\t\t\t\t<div class=\"elementor-container elementor-column-gap-default\">\n\t\t\t\t\t<div class=\"elementor-column elementor-col-25 elementor-inner-column elementor-element elementor-element-8caded3\" data-id=\"8caded3\" data-element_type=\"column\" data-e-type=\"column\">\n\t\t\t<div class=\"elementor-widget-wrap\">\n\t\t\t\t\t\t\t<\/div>\n\t\t<\/div>\n\t\t\t\t<div class=\"elementor-column elementor-col-25 elementor-inner-column elementor-element elementor-element-b4d4346\" data-id=\"b4d4346\" data-element_type=\"column\" data-e-type=\"column\">\n\t\t\t<div class=\"elementor-widget-wrap elementor-element-populated\">\n\t\t\t\t\t\t<div class=\"elementor-element elementor-element-9f189fd elementor-widget elementor-widget-text-editor\" data-id=\"9f189fd\" data-element_type=\"widget\" data-e-type=\"widget\" data-widget_type=\"text-editor.default\">\n\t\t\t\t<div class=\"elementor-widget-container\">\n\t\t\t\t\t\t\t\t\t<p>Das Oliven\u00f6l &#8222;TRAGOS&#8220; [<span lang=\"EN-US\">pron<\/span>. &#8222;<span lang=\"EN-US\">TRAG<\/span>(<span lang=\"EN-US\">h<\/span>)<span lang=\"EN-US\">OS&#8220;<\/span>] wird aus Oliven der Sorte &#8222;Manaki&#8220; aus in der N\u00e4he des \u0391ntiken Korinths (Athikia, Korinth) gelegenen Hainen produziert. Durch die fr\u00fche Ernte (Ende Oktober) und die sofortige Pressung entsteht ein fruchtiges und aromatisches Oliven\u00f6l.<\/p><p>Das Manaki hat \u201etiefe Wurzeln\u201c in der Region von Korinth und wird dort weit verbreitet angebaut; daher wird diese Sorte im Volksmund auch die \u201eKorinthische\u201c genannt.<\/p><p><span lang=\"EN-US\" data-olk-copy-source=\"MessageBody\">D<\/span><span lang=\"DE\">ie<\/span><span lang=\"DE\">\u00a0<\/span><span lang=\"DE\">Pflege<\/span><span lang=\"DE\">\u00a0<\/span><span lang=\"DE\">der<\/span><span lang=\"DE\">\u00a0<\/span><span lang=\"EN-US\">B<\/span>\u00e4<span lang=\"DE\">ume<\/span><span lang=\"DE\">\u00a0<\/span><span lang=\"DE\">f<\/span>\u00fc<span lang=\"DE\">r<\/span><span lang=\"DE\">\u00a0<\/span><span lang=\"DE\">die<\/span><span lang=\"DE\">\u00a0<\/span><span lang=\"DE\">Herstellung<\/span><span lang=\"DE\">\u00a0<\/span><span lang=\"DE\">des<\/span><span lang=\"DE\">\u00a0<\/span><span lang=\"DE\">Oliven<\/span>\u00f6<span lang=\"DE\">ls<\/span><span lang=\"DE\">\u00a0<\/span><span lang=\"DE\">f<\/span>\u00fc<span lang=\"DE\">r<\/span>\u00a0\u201c<span lang=\"EN-US\">TRAGOS<\/span>\u201d <span lang=\"DE\">erfolgt<\/span><span lang=\"DE\">\u00a0<\/span><span lang=\"DE\">unter<\/span><span lang=\"DE\">\u00a0<\/span><span lang=\"DE\">der<\/span>\u00a0<span style=\"text-decoration: underline;\"><span style=\"color: #008000; text-decoration: underline;\"><a style=\"color: #008000; text-decoration: underline;\" href=\"https:\/\/tragos.gr\/de\/agide\/\">\u201c\u00c4<span lang=\"EN-US\">gide<\/span><span lang=\"EN-US\">\u00a0<\/span><span lang=\"DE\">von<\/span><span lang=\"DE\">\u00a0<\/span><span lang=\"EN-US\">Tragos<\/span>\u201d<\/a><\/span><\/span>.<\/p><p>Die Oliven f\u00fcr \u201eTRAGOS\u201c stammen aus \u201etrockenen\u201c, also nicht bew\u00e4sserten, Hainen, die auf der \u201ealten Weise\u201c, also sp\u00e4rlich, bepflanzt sind, sodass die B\u00e4ume nicht um Feuchtigkeit und Nahrung konkurrieren m\u00fcssen. Die Haine f\u00fcr das Oliven\u00f6l wurden dem Projekt von den Projektbeteiligten zur Verf\u00fcgung gestellt. Sie werden von Elton Berdufi mit gr\u00f6\u00dftem Respekt f\u00fcr die B\u00e4ume und ihre Umwelt angebaut.<\/p><p>Mehr \u00fcber den Anbau dieser Haine k\u00f6nnt Ihr \u00fcber unser <span style=\"color: #008000;\"><a style=\"color: #008000;\" href=\"https:\/\/tragos.gr\/de\/tagebuch\/\"><u>TAGEBUCH<\/u><\/a><\/span><strong>\u00a0<\/strong>erfahren!<\/p>\t\t\t\t\t\t\t\t<\/div>\n\t\t\t\t<\/div>\n\t\t\t\t<div class=\"elementor-element elementor-element-43d379c elementor-align-left elementor-widget elementor-widget-button\" data-id=\"43d379c\" data-element_type=\"widget\" data-e-type=\"widget\" data-widget_type=\"button.default\">\n\t\t\t\t<div class=\"elementor-widget-container\">\n\t\t\t\t\t\t\t\t\t<div class=\"elementor-button-wrapper\">\n\t\t\t\t\t<a class=\"elementor-button elementor-button-link elementor-size-md\" href=\"https:\/\/tragos.gr\/de\/#Products\">\n\t\t\t\t\t\t<span class=\"elementor-button-content-wrapper\">\n\t\t\t\t\t\t\t\t\t<span class=\"elementor-button-text\">zur\u00fcck zu den PRODUKTEN<\/span>\n\t\t\t\t\t<\/span>\n\t\t\t\t\t<\/a>\n\t\t\t\t<\/div>\n\t\t\t\t\t\t\t\t<\/div>\n\t\t\t\t<\/div>\n\t\t\t\t\t<\/div>\n\t\t<\/div>\n\t\t\t\t<div class=\"elementor-column elementor-col-25 elementor-inner-column elementor-element elementor-element-8de783e\" data-id=\"8de783e\" data-element_type=\"column\" data-e-type=\"column\" data-settings=\"{&quot;background_background&quot;:&quot;classic&quot;}\">\n\t\t\t<div class=\"elementor-widget-wrap elementor-element-populated\">\n\t\t\t\t\t\t<div class=\"elementor-element elementor-element-51cbd4c elementor-arrows-position-outside elementor-pagination-position-outside elementor-widget elementor-widget-image-carousel\" data-id=\"51cbd4c\" data-element_type=\"widget\" data-e-type=\"widget\" data-settings=\"{&quot;slides_to_show&quot;:&quot;1&quot;,&quot;lazyload&quot;:&quot;yes&quot;,&quot;navigation&quot;:&quot;both&quot;,&quot;autoplay&quot;:&quot;yes&quot;,&quot;pause_on_hover&quot;:&quot;yes&quot;,&quot;pause_on_interaction&quot;:&quot;yes&quot;,&quot;autoplay_speed&quot;:5000,&quot;infinite&quot;:&quot;yes&quot;,&quot;effect&quot;:&quot;slide&quot;,&quot;speed&quot;:500}\" data-widget_type=\"image-carousel.default\">\n\t\t\t\t<div class=\"elementor-widget-container\">\n\t\t\t\t\t\t\t<div class=\"elementor-image-carousel-wrapper swiper\" role=\"region\" aria-roledescription=\"carousel\" aria-label=\"Bild Karussell\" dir=\"ltr\">\n\t\t\t<div class=\"elementor-image-carousel swiper-wrapper\" aria-live=\"off\">\n\t\t\t\t\t\t\t\t<div class=\"swiper-slide\" role=\"group\" aria-roledescription=\"slide\" aria-label=\"1 von 3\"><a data-elementor-open-lightbox=\"yes\" data-elementor-lightbox-slideshow=\"51cbd4c\" data-e-action-hash=\"#elementor-action%3Aaction%3Dlightbox%26settings%3DeyJpZCI6NTIzMSwidXJsIjoiaHR0cHM6XC9cL3RyYWdvcy5nclwvd3AtY29udGVudFwvdXBsb2Fkc1wvMjAyNVwvMDZcL1RyYWdvcy1PbGl2ZW5vbC0xTFQtYm90dGxlLTIwMjQtRnJvbnQtTGlnaHQtREUud2VicCIsInNsaWRlc2hvdyI6IjUxY2JkNGMifQ%3D%3D\" href=\"https:\/\/tragos.gr\/wp-content\/uploads\/2025\/06\/Tragos-Olivenol-1LT-bottle-2024-Front-Light-DE.webp\"><figure class=\"swiper-slide-inner\"><img class=\"swiper-slide-image swiper-lazy\" data-src=\"https:\/\/tragos.gr\/wp-content\/uploads\/elementor\/thumbs\/Tragos-Olivenol-1LT-bottle-2024-Front-Light-DE-r6r7dojmo7v8023h5kwrpqk0dwo7qyti5ictcaeccg.webp\" alt=\"Tragos-Olivenol-1LT-bottle-2024-Front-Light-DE\" \/><div class=\"swiper-lazy-preloader\"><\/div><\/figure><\/a><\/div><div class=\"swiper-slide\" role=\"group\" aria-roledescription=\"slide\" aria-label=\"2 von 3\"><a data-elementor-open-lightbox=\"yes\" data-elementor-lightbox-slideshow=\"51cbd4c\" data-e-action-hash=\"#elementor-action%3Aaction%3Dlightbox%26settings%3DeyJpZCI6NTIyOCwidXJsIjoiaHR0cHM6XC9cL3RyYWdvcy5nclwvd3AtY29udGVudFwvdXBsb2Fkc1wvMjAyNVwvMDZcL1RyYWdvcy1PbGl2ZW5vbC0xTFQtYm90dGxlLTIwMjQtQmFjay1MaWdodC1ERS53ZWJwIiwic2xpZGVzaG93IjoiNTFjYmQ0YyJ9\" href=\"https:\/\/tragos.gr\/wp-content\/uploads\/2025\/06\/Tragos-Olivenol-1LT-bottle-2024-Back-Light-DE.webp\"><figure class=\"swiper-slide-inner\"><img class=\"swiper-slide-image swiper-lazy\" data-src=\"https:\/\/tragos.gr\/wp-content\/uploads\/elementor\/thumbs\/Tragos-Olivenol-1LT-bottle-2024-Back-Light-DE-r6r7dnlshdtxog4ub2i558sjsisuj9prtdpbv0fqio.webp\" alt=\"Tragos-Olivenol-1LT-bottle-2024-Back-Light-DE\" \/><div class=\"swiper-lazy-preloader\"><\/div><\/figure><\/a><\/div><div class=\"swiper-slide\" role=\"group\" aria-roledescription=\"slide\" aria-label=\"3 von 3\"><a data-elementor-open-lightbox=\"yes\" data-elementor-lightbox-slideshow=\"51cbd4c\" data-e-action-hash=\"#elementor-action%3Aaction%3Dlightbox%26settings%3DeyJpZCI6NDE2NSwidXJsIjoiaHR0cHM6XC9cL3RyYWdvcy5nclwvd3AtY29udGVudFwvdXBsb2Fkc1wvMjAyNVwvMDFcLzFsdF9Ob24tSW1hZ2VfMTAwMHB4LURFLnBuZyIsInNsaWRlc2hvdyI6IjUxY2JkNGMifQ%3D%3D\" href=\"https:\/\/tragos.gr\/wp-content\/uploads\/2025\/01\/1lt_Non-Image_1000px-DE.png\"><figure class=\"swiper-slide-inner\"><img class=\"swiper-slide-image swiper-lazy\" data-src=\"https:\/\/tragos.gr\/wp-content\/uploads\/elementor\/thumbs\/1lt_Non-Image_1000px-DE-qzxwu2jzdv9kgx0nlq3pklhw8je2dbef0iwe7fbj0g.png\" alt=\"1lt_Non-Image_1000px-DE\" \/><div class=\"swiper-lazy-preloader\"><\/div><\/figure><\/a><\/div>\t\t\t<\/div>\n\t\t\t\t\t\t\t\t\t\t\t\t<div class=\"elementor-swiper-button elementor-swiper-button-prev\" role=\"button\" tabindex=\"0\">\n\t\t\t\t\t\t<i aria-hidden=\"true\" class=\"eicon-chevron-left\"><\/i>\t\t\t\t\t<\/div>\n\t\t\t\t\t<div class=\"elementor-swiper-button elementor-swiper-button-next\" role=\"button\" tabindex=\"0\">\n\t\t\t\t\t\t<i aria-hidden=\"true\" class=\"eicon-chevron-right\"><\/i>\t\t\t\t\t<\/div>\n\t\t\t\t\n\t\t\t\t\t\t\t\t\t<div class=\"swiper-pagination\"><\/div>\n\t\t\t\t\t\t\t\t\t<\/div>\n\t\t\t\t\t\t<\/div>\n\t\t\t\t<\/div>\n\t\t\t\t<div class=\"elementor-element elementor-element-7d4a3f3 elementor-widget elementor-widget-text-editor\" data-id=\"7d4a3f3\" data-element_type=\"widget\" data-e-type=\"widget\" data-widget_type=\"text-editor.default\">\n\t\t\t\t<div class=\"elementor-widget-container\">\n\t\t\t\t\t\t\t\t\t<p style=\"text-align: center;\"><em><strong>TRAGOS<\/strong><br \/><strong>Oliven\u00f6l extra vergine (\u0392\u0399\u039f)<\/strong><br \/>Verpackung: 1 Liter, Glasflasche\u00a0 \/\/\u00a0 500ml, Glasflasche\u00a0 \/\/<br \/>100ml, Glasflasche<br \/><\/em><\/p>\t\t\t\t\t\t\t\t<\/div>\n\t\t\t\t<\/div>\n\t\t\t\t\t<\/div>\n\t\t<\/div>\n\t\t\t\t<div class=\"elementor-column elementor-col-25 elementor-inner-column elementor-element elementor-element-b93ea9b\" data-id=\"b93ea9b\" data-element_type=\"column\" data-e-type=\"column\">\n\t\t\t<div class=\"elementor-widget-wrap\">\n\t\t\t\t\t\t\t<\/div>\n\t\t<\/div>\n\t\t\t\t\t<\/div>\n\t\t<\/section>\n\t\t\t\t\t<\/div>\n\t\t<\/div>\n\t\t\t\t\t<\/div>\n\t\t<\/section>\n\t\t\t\t<\/div>\n\t\t","protected":false},"excerpt":{"rendered":"<p>\u00abTRAGOS\u00bb Oliven\u00f6l extra vergine (BIO) Das Oliven\u00f6l &#8222;TRAGOS&#8220; [pron. &#8222;TRAG(h)OS&#8220;] wird aus Oliven der Sorte &#8222;Manaki&#8220; aus in der N\u00e4he des \u0391ntiken Korinths (Athikia, Korinth) gelegenen Hainen produziert. Durch die fr\u00fche Ernte (Ende Oktober) und die sofortige Pressung entsteht ein fruchtiges und aromatisches Oliven\u00f6l. Das Manaki hat \u201etiefe Wurzeln\u201c in der Region von Korinth und [&hellip;]<\/p>\n","protected":false},"author":2,"featured_media":0,"parent":0,"menu_order":0,"comment_status":"closed","ping_status":"closed","template":"elementor_header_footer","meta":{"footnotes":""},"class_list":["post-4057","page","type-page","status-publish","hentry"],"_links":{"self":[{"href":"https:\/\/tragos.gr\/de\/wp-json\/wp\/v2\/pages\/4057","targetHints":{"allow":["GET"]}}],"collection":[{"href":"https:\/\/tragos.gr\/de\/wp-json\/wp\/v2\/pages"}],"about":[{"href":"https:\/\/tragos.gr\/de\/wp-json\/wp\/v2\/types\/page"}],"author":[{"embeddable":true,"href":"https:\/\/tragos.gr\/de\/wp-json\/wp\/v2\/users\/2"}],"replies":[{"embeddable":true,"href":"https:\/\/tragos.gr\/de\/wp-json\/wp\/v2\/comments?post=4057"}],"version-history":[{"count":0,"href":"https:\/\/tragos.gr\/de\/wp-json\/wp\/v2\/pages\/4057\/revisions"}],"wp:attachment":[{"href":"https:\/\/tragos.gr\/de\/wp-json\/wp\/v2\/media?parent=4057"}],"curies":[{"name":"wp","href":"https:\/\/api.w.org\/{rel}","templated":true}]}}