{"id":2778,"date":"2024-05-22T18:13:38","date_gmt":"2024-05-22T16:13:38","guid":{"rendered":"https:\/\/tragos.gr\/panagiotis-verveniotis\/"},"modified":"2024-05-24T12:47:33","modified_gmt":"2024-05-24T10:47:33","slug":"panagiotis-verveniotis","status":"publish","type":"page","link":"https:\/\/tragos.gr\/de\/panagiotis-verveniotis\/","title":{"rendered":"Panagiotis Verveniotis"},"content":{"rendered":"\t\t<div data-elementor-type=\"wp-post\" data-elementor-id=\"2778\" class=\"elementor elementor-2778 elementor-2738\" data-elementor-post-type=\"page\">\n\t\t\t\t\t\t<section class=\"elementor-section elementor-top-section elementor-element elementor-element-931b43f elementor-section-full_width elementor-section-height-default elementor-section-height-default\" data-id=\"931b43f\" data-element_type=\"section\" data-e-type=\"section\" data-settings=\"{&quot;background_background&quot;:&quot;classic&quot;}\">\n\t\t\t\t\t\t<div class=\"elementor-container elementor-column-gap-default\">\n\t\t\t\t\t<div class=\"elementor-column elementor-col-100 elementor-top-column elementor-element elementor-element-e89cb8c\" data-id=\"e89cb8c\" data-element_type=\"column\" data-e-type=\"column\">\n\t\t\t<div class=\"elementor-widget-wrap elementor-element-populated\">\n\t\t\t\t\t\t<div class=\"elementor-element elementor-element-1573bfc elementor--h-position-center elementor--v-position-middle elementor-arrows-position-inside elementor-widget elementor-widget-slides\" data-id=\"1573bfc\" data-element_type=\"widget\" data-e-type=\"widget\" data-settings=\"{&quot;navigation&quot;:&quot;arrows&quot;,&quot;transition&quot;:&quot;fade&quot;,&quot;autoplay&quot;:&quot;yes&quot;,&quot;pause_on_hover&quot;:&quot;yes&quot;,&quot;pause_on_interaction&quot;:&quot;yes&quot;,&quot;autoplay_speed&quot;:5000,&quot;infinite&quot;:&quot;yes&quot;,&quot;transition_speed&quot;:500}\" data-widget_type=\"slides.default\">\n\t\t\t\t<div class=\"elementor-widget-container\">\n\t\t\t\t\t\t\t\t\t<div class=\"elementor-swiper\">\n\t\t\t\t\t<div class=\"elementor-slides-wrapper elementor-main-swiper swiper\" role=\"region\" aria-roledescription=\"carousel\" aria-label=\"Slides\" dir=\"ltr\" data-animation=\"fadeInUp\">\n\t\t\t\t<div class=\"swiper-wrapper elementor-slides\">\n\t\t\t\t\t\t\t\t\t\t<div class=\"elementor-repeater-item-c30b51d swiper-slide\" role=\"group\" aria-roledescription=\"slide\"><div class=\"swiper-slide-bg\" role=\"img\" aria-label=\"Main-Banner_Image-1\"><\/div><div class=\"swiper-slide-inner\" ><div class=\"swiper-slide-contents\"><\/div><\/div><\/div><div class=\"elementor-repeater-item-bf7a26d swiper-slide\" role=\"group\" aria-roledescription=\"slide\"><div class=\"swiper-slide-bg\" role=\"img\" aria-label=\"Main-Banner_Image-3\"><\/div><div class=\"swiper-slide-inner\" ><div class=\"swiper-slide-contents\"><\/div><\/div><\/div><div class=\"elementor-repeater-item-09e744e swiper-slide\" role=\"group\" aria-roledescription=\"slide\"><div class=\"swiper-slide-bg\" role=\"img\" aria-label=\"Main-Banner_Image-4\"><\/div><div class=\"swiper-slide-inner\" ><div class=\"swiper-slide-contents\"><\/div><\/div><\/div><div class=\"elementor-repeater-item-5b5c9f4 swiper-slide\" role=\"group\" aria-roledescription=\"slide\"><div class=\"swiper-slide-bg\" role=\"img\" aria-label=\"Main-Banner_Image-8\"><\/div><div class=\"swiper-slide-inner\" ><div class=\"swiper-slide-contents\"><\/div><\/div><\/div><div class=\"elementor-repeater-item-d1fcbed swiper-slide\" role=\"group\" aria-roledescription=\"slide\"><div class=\"swiper-slide-bg\" role=\"img\" aria-label=\"Main-Banner_Image-5\"><\/div><div class=\"swiper-slide-inner\" ><div class=\"swiper-slide-contents\"><\/div><\/div><\/div>\t\t\t\t<\/div>\n\t\t\t\t\t\t\t\t\t\t\t\t\t\t\t<div class=\"elementor-swiper-button elementor-swiper-button-prev\" role=\"button\" tabindex=\"0\" aria-label=\"Previous slide\">\n\t\t\t\t\t\t\t<i aria-hidden=\"true\" class=\"eicon-chevron-left\"><\/i>\t\t\t\t\t\t<\/div>\n\t\t\t\t\t\t<div class=\"elementor-swiper-button elementor-swiper-button-next\" role=\"button\" tabindex=\"0\" aria-label=\"Next slide\">\n\t\t\t\t\t\t\t<i aria-hidden=\"true\" class=\"eicon-chevron-right\"><\/i>\t\t\t\t\t\t<\/div>\n\t\t\t\t\t\t\t\t\t\t\t\t\t\t\t\t\t<\/div>\n\t\t\t\t<\/div>\n\t\t\t\t\t\t\t\t<\/div>\n\t\t\t\t<\/div>\n\t\t\t\t\t<\/div>\n\t\t<\/div>\n\t\t\t\t\t<\/div>\n\t\t<\/section>\n\t\t\t\t<section class=\"elementor-section elementor-top-section elementor-element elementor-element-535379c elementor-section-boxed elementor-section-height-default elementor-section-height-default\" data-id=\"535379c\" data-element_type=\"section\" data-e-type=\"section\" data-settings=\"{&quot;background_background&quot;:&quot;classic&quot;}\">\n\t\t\t\t\t\t\t<div class=\"elementor-background-overlay\"><\/div>\n\t\t\t\t\t\t\t<div class=\"elementor-container elementor-column-gap-default\">\n\t\t\t\t\t<div class=\"elementor-column elementor-col-50 elementor-top-column elementor-element elementor-element-b59f2cc\" data-id=\"b59f2cc\" data-element_type=\"column\" data-e-type=\"column\">\n\t\t\t<div class=\"elementor-widget-wrap elementor-element-populated\">\n\t\t\t\t\t\t<div class=\"elementor-element elementor-element-ad67b49 elementor-widget elementor-widget-image\" data-id=\"ad67b49\" data-element_type=\"widget\" data-e-type=\"widget\" data-widget_type=\"image.default\">\n\t\t\t\t<div class=\"elementor-widget-container\">\n\t\t\t\t\t\t\t\t\t\t\t\t\t\t\t<img fetchpriority=\"high\" decoding=\"async\" width=\"800\" height=\"486\" src=\"https:\/\/tragos.gr\/wp-content\/uploads\/2024\/05\/Panagiotis-Verveniotis-ProfilePic.webp\" class=\"attachment-large size-large wp-image-2741\" alt=\"\" srcset=\"https:\/\/tragos.gr\/wp-content\/uploads\/2024\/05\/Panagiotis-Verveniotis-ProfilePic.webp 1000w, https:\/\/tragos.gr\/wp-content\/uploads\/2024\/05\/Panagiotis-Verveniotis-ProfilePic-300x182.webp 300w, https:\/\/tragos.gr\/wp-content\/uploads\/2024\/05\/Panagiotis-Verveniotis-ProfilePic-768x467.webp 768w\" sizes=\"(max-width: 800px) 100vw, 800px\" \/>\t\t\t\t\t\t\t\t\t\t\t\t\t\t\t<\/div>\n\t\t\t\t<\/div>\n\t\t\t\t<div class=\"elementor-element elementor-element-e3d2c96 elementor-widget elementor-widget-heading\" data-id=\"e3d2c96\" data-element_type=\"widget\" data-e-type=\"widget\" data-widget_type=\"heading.default\">\n\t\t\t\t<div class=\"elementor-widget-container\">\n\t\t\t\t\t<h6 class=\"elementor-heading-title elementor-size-default\">Panagiotis (Panos) Verveniotis<\/h6>\t\t\t\t<\/div>\n\t\t\t\t<\/div>\n\t\t\t\t<div class=\"elementor-element elementor-element-a569304 elementor-widget elementor-widget-text-editor\" data-id=\"a569304\" data-element_type=\"widget\" data-e-type=\"widget\" data-widget_type=\"text-editor.default\">\n\t\t\t\t<div class=\"elementor-widget-container\">\n\t\t\t\t\t\t\t\t\t<p>Lieber Besucher unserer Webseite!<\/p><p>Erlaube mir ein paar Worte \u00fcber mich und \u00fcber die Entstehungshintergr\u00fcnde von &#8222;TRAGOS&#8220;.<\/p><p>Ich hei\u00dfe Panagiotis (Panos) Verveniotis und wurde 1974 in Athen geboren. 1992 verlie\u00df ich Griechenland um Jura, erst in Heidelberg und dann in Boston, zu studieren. Nachdem ich Anfang der 2000er Jahre nach Griechenland zur\u00fcckgekehrt bin und meinen Milit\u00e4rdienst abgeleistet hatte, begann ich als Anwalt in Athen zu arbeiten, wo ich 20 Jahre lang eine eigene Kanzlei unterhielt.<\/p><p>Vielleicht aus Liebe zur Natur, vielleicht aufgrund von Kindheitserinnerungen an die Tage bei meinen Gro\u00dfeltern im \u201eDorf\u201c, fand ich mich bald nach meiner R\u00fcckkehr nach Griechenland auf den Feldern meiner Vorfahren wieder. Zun\u00e4chst in den Olivenhainen der Familie in der Gegend von Athikia (Korinthia\/Peloponnes), aber schnell auch an anderen Orten mit mir noch unbekannten Pflanzen und Erzeugnissen Griechenlands.<\/p>\t\t\t\t\t\t\t\t<\/div>\n\t\t\t\t<\/div>\n\t\t\t\t\t<\/div>\n\t\t<\/div>\n\t\t\t\t<div class=\"elementor-column elementor-col-50 elementor-top-column elementor-element elementor-element-901212e\" data-id=\"901212e\" data-element_type=\"column\" data-e-type=\"column\">\n\t\t\t<div class=\"elementor-widget-wrap elementor-element-populated\">\n\t\t\t\t\t\t<div class=\"elementor-element elementor-element-9c6ae55 elementor-widget elementor-widget-text-editor\" data-id=\"9c6ae55\" data-element_type=\"widget\" data-e-type=\"widget\" data-widget_type=\"text-editor.default\">\n\t\t\t\t<div class=\"elementor-widget-container\">\n\t\t\t\t\t\t\t\t\t<p>Ich hatte das Gl\u00fcck, Menschen kennenzulernen, die mir viel \u00fcber Landwirtschaft und landwirtschaftliche Produkte beibrachten und mir so eine neue Welt er\u00f6ffneten. Was als Spa\u00df begann, entwickelte sich zu einer Wissens- und Sinnesreise, die mich faszinierte und schlie\u00dflich vollkommen einnahm.<\/p><p>Aber vielleicht h\u00e4tte mein Enthusiasmus f\u00fcr die Natur und ihre Werke noch nicht ausgereicht, um die Entscheidung zu treffen, den Rechtsanwaltsberuf aufzugeben und mich vollst\u00e4ndig der Landwirtschaft zu widmen. Ausschlaggebend waren am Ende die Gr\u00fcnde, die in unserer <a href=\"https:\/\/tragos.gr\/de\/\"><u>Projektvorstellung<\/u><\/a>\u00a0 aufgef\u00fchrt sind. Zur Verwirklichung unserer gemeinsamen Vision und Ziele habe ich 2018 gemeinsam mit einigen guten Freunden (Kostas und Nikos) TRAGOS gegr\u00fcndet und dieses Projekt ins Leben gerufen. Im Verlauf kamen weitere Freunde, Dimitris, Ali und Barlas, hinzu. Ich hoffe, Du kannst Dich mit unserem Traum identifizieren und wirst auch Teil unseres Projekts!<\/p><p>Ich hoffe, dass Dir unsere vielseitige Website gef\u00e4llt und Du hier interessante Informationen und Beitr\u00e4ge finden wirst. Vielleicht darf ich Dich beispielhaft auf unsere einzigartige Kulturseite, die <a href=\"https:\/\/tragos.gr\/de\/bocksgesaenge\/\">&#8222;<u>Bocksges\u00e4nge<\/u>&#8222;<\/a>\u00a0 hinweisen, die mit Hilfe von zwei guten Freunden aus Heidelberg, Martin und Michie, entstanden ist. \u00a0Wenn Du mit uns in Kontakt bleiben m\u00f6chtest, kannst Du unseren <a href=\"#link-popup-DE\"><u>Newsletter<\/u><\/a> abonnieren, \u00fcber den Du unser <span style=\"text-decoration: underline;\"><a href=\"https:\/\/tragos.gr\/de\/tagebuch\/\">Tagebuch<\/a><\/span>, und somit unsere Neuigkeiten aus den Olivenhainen, verfolgen kannst und auch sonst erf\u00e4hrst, wenn es etwas Neues von uns und unserem Projekt gibt. \u00a0Oder vielleicht m\u00f6chtest Du auch zu einem unserer Treffen kommen, beispielsweise zur j\u00e4hrlichen Olivenernte. Jedenfalls w\u00fcrden wir uns sehr freuen Dich kennenzulernen, insbesondere auf dem Feld!<\/p><p>Herzliche Gr\u00fcsse<br \/>Panos<\/p>\t\t\t\t\t\t\t\t<\/div>\n\t\t\t\t<\/div>\n\t\t\t\t<div class=\"elementor-element elementor-element-0894bba elementor-align-left elementor-widget elementor-widget-button\" data-id=\"0894bba\" data-element_type=\"widget\" data-e-type=\"widget\" data-widget_type=\"button.default\">\n\t\t\t\t<div class=\"elementor-widget-container\">\n\t\t\t\t\t\t\t\t\t<div class=\"elementor-button-wrapper\">\n\t\t\t\t\t<a class=\"elementor-button elementor-button-link elementor-size-sm\" href=\"https:\/\/www.tragos.gr\/de\">\n\t\t\t\t\t\t<span class=\"elementor-button-content-wrapper\">\n\t\t\t\t\t\t\t\t\t<span class=\"elementor-button-text\">ZUR\u00dcCK ZUR HAUPTSEITE<\/span>\n\t\t\t\t\t<\/span>\n\t\t\t\t\t<\/a>\n\t\t\t\t<\/div>\n\t\t\t\t\t\t\t\t<\/div>\n\t\t\t\t<\/div>\n\t\t\t\t\t<\/div>\n\t\t<\/div>\n\t\t\t\t\t<\/div>\n\t\t<\/section>\n\t\t\t\t<\/div>\n\t\t","protected":false},"excerpt":{"rendered":"<p>Previous slide Next slide Panagiotis (Panos) Verveniotis Lieber Besucher unserer Webseite! Erlaube mir ein paar Worte \u00fcber mich und \u00fcber die Entstehungshintergr\u00fcnde von &#8222;TRAGOS&#8220;. Ich hei\u00dfe Panagiotis (Panos) Verveniotis und wurde 1974 in Athen geboren. 1992 verlie\u00df ich Griechenland um Jura, erst in Heidelberg und dann in Boston, zu studieren. Nachdem ich Anfang der 2000er [&hellip;]<\/p>\n","protected":false},"author":2,"featured_media":0,"parent":0,"menu_order":0,"comment_status":"closed","ping_status":"closed","template":"elementor_header_footer","meta":{"footnotes":""},"class_list":["post-2778","page","type-page","status-publish","hentry"],"_links":{"self":[{"href":"https:\/\/tragos.gr\/de\/wp-json\/wp\/v2\/pages\/2778","targetHints":{"allow":["GET"]}}],"collection":[{"href":"https:\/\/tragos.gr\/de\/wp-json\/wp\/v2\/pages"}],"about":[{"href":"https:\/\/tragos.gr\/de\/wp-json\/wp\/v2\/types\/page"}],"author":[{"embeddable":true,"href":"https:\/\/tragos.gr\/de\/wp-json\/wp\/v2\/users\/2"}],"replies":[{"embeddable":true,"href":"https:\/\/tragos.gr\/de\/wp-json\/wp\/v2\/comments?post=2778"}],"version-history":[{"count":0,"href":"https:\/\/tragos.gr\/de\/wp-json\/wp\/v2\/pages\/2778\/revisions"}],"wp:attachment":[{"href":"https:\/\/tragos.gr\/de\/wp-json\/wp\/v2\/media?parent=2778"}],"curies":[{"name":"wp","href":"https:\/\/api.w.org\/{rel}","templated":true}]}}