{"id":2394,"date":"2024-04-08T17:47:03","date_gmt":"2024-04-08T15:47:03","guid":{"rendered":"https:\/\/tragos.gr\/?page_id=2394"},"modified":"2024-04-08T17:53:12","modified_gmt":"2024-04-08T15:53:12","slug":"ip-cookies-policy","status":"publish","type":"page","link":"https:\/\/tragos.gr\/de\/ip-cookies-policy\/","title":{"rendered":"IP &#038; Cookies Policy"},"content":{"rendered":"\t\t<div data-elementor-type=\"wp-post\" data-elementor-id=\"2394\" class=\"elementor elementor-2394 elementor-2353\" data-elementor-post-type=\"page\">\n\t\t\t\t\t\t<section class=\"elementor-section elementor-top-section elementor-element elementor-element-931b43f elementor-section-full_width elementor-section-height-default elementor-section-height-default\" data-id=\"931b43f\" data-element_type=\"section\" data-e-type=\"section\" data-settings=\"{&quot;background_background&quot;:&quot;classic&quot;}\">\n\t\t\t\t\t\t<div class=\"elementor-container elementor-column-gap-default\">\n\t\t\t\t\t<div class=\"elementor-column elementor-col-100 elementor-top-column elementor-element elementor-element-e89cb8c\" data-id=\"e89cb8c\" data-element_type=\"column\" data-e-type=\"column\">\n\t\t\t<div class=\"elementor-widget-wrap elementor-element-populated\">\n\t\t\t\t\t\t<div class=\"elementor-element elementor-element-1573bfc elementor--h-position-center elementor--v-position-middle elementor-arrows-position-inside elementor-widget elementor-widget-slides\" data-id=\"1573bfc\" data-element_type=\"widget\" data-e-type=\"widget\" data-settings=\"{&quot;navigation&quot;:&quot;arrows&quot;,&quot;transition&quot;:&quot;fade&quot;,&quot;autoplay&quot;:&quot;yes&quot;,&quot;pause_on_hover&quot;:&quot;yes&quot;,&quot;pause_on_interaction&quot;:&quot;yes&quot;,&quot;autoplay_speed&quot;:5000,&quot;infinite&quot;:&quot;yes&quot;,&quot;transition_speed&quot;:500}\" data-widget_type=\"slides.default\">\n\t\t\t\t<div class=\"elementor-widget-container\">\n\t\t\t\t\t\t\t\t\t<div class=\"elementor-swiper\">\n\t\t\t\t\t<div class=\"elementor-slides-wrapper elementor-main-swiper swiper\" role=\"region\" aria-roledescription=\"carousel\" aria-label=\"Slides\" dir=\"ltr\" data-animation=\"fadeInUp\">\n\t\t\t\t<div class=\"swiper-wrapper elementor-slides\">\n\t\t\t\t\t\t\t\t\t\t<div class=\"elementor-repeater-item-c30b51d swiper-slide\" role=\"group\" aria-roledescription=\"slide\"><div class=\"swiper-slide-bg\" role=\"img\" aria-label=\"Main-Banner_Image-1\"><\/div><div class=\"swiper-slide-inner\" ><div class=\"swiper-slide-contents\"><\/div><\/div><\/div><div class=\"elementor-repeater-item-bf7a26d swiper-slide\" role=\"group\" aria-roledescription=\"slide\"><div class=\"swiper-slide-bg\" role=\"img\" aria-label=\"Main-Banner_Image-3\"><\/div><div class=\"swiper-slide-inner\" ><div class=\"swiper-slide-contents\"><\/div><\/div><\/div><div class=\"elementor-repeater-item-09e744e swiper-slide\" role=\"group\" aria-roledescription=\"slide\"><div class=\"swiper-slide-bg\" role=\"img\" aria-label=\"Main-Banner_Image-4\"><\/div><div class=\"swiper-slide-inner\" ><div class=\"swiper-slide-contents\"><\/div><\/div><\/div><div class=\"elementor-repeater-item-5b5c9f4 swiper-slide\" role=\"group\" aria-roledescription=\"slide\"><div class=\"swiper-slide-bg\" role=\"img\" aria-label=\"Main-Banner_Image-8\"><\/div><div class=\"swiper-slide-inner\" ><div class=\"swiper-slide-contents\"><\/div><\/div><\/div><div class=\"elementor-repeater-item-d1fcbed swiper-slide\" role=\"group\" aria-roledescription=\"slide\"><div class=\"swiper-slide-bg\" role=\"img\" aria-label=\"Main-Banner_Image-5\"><\/div><div class=\"swiper-slide-inner\" ><div class=\"swiper-slide-contents\"><\/div><\/div><\/div>\t\t\t\t<\/div>\n\t\t\t\t\t\t\t\t\t\t\t\t\t\t\t<div class=\"elementor-swiper-button elementor-swiper-button-prev\" role=\"button\" tabindex=\"0\" aria-label=\"Previous slide\">\n\t\t\t\t\t\t\t<i aria-hidden=\"true\" class=\"eicon-chevron-left\"><\/i>\t\t\t\t\t\t<\/div>\n\t\t\t\t\t\t<div class=\"elementor-swiper-button elementor-swiper-button-next\" role=\"button\" tabindex=\"0\" aria-label=\"Next slide\">\n\t\t\t\t\t\t\t<i aria-hidden=\"true\" class=\"eicon-chevron-right\"><\/i>\t\t\t\t\t\t<\/div>\n\t\t\t\t\t\t\t\t\t\t\t\t\t\t\t\t\t<\/div>\n\t\t\t\t<\/div>\n\t\t\t\t\t\t\t\t<\/div>\n\t\t\t\t<\/div>\n\t\t\t\t\t<\/div>\n\t\t<\/div>\n\t\t\t\t\t<\/div>\n\t\t<\/section>\n\t\t\t\t<section class=\"elementor-section elementor-top-section elementor-element elementor-element-535379c elementor-section-boxed elementor-section-height-default elementor-section-height-default\" data-id=\"535379c\" data-element_type=\"section\" data-e-type=\"section\" data-settings=\"{&quot;background_background&quot;:&quot;classic&quot;}\">\n\t\t\t\t\t\t\t<div class=\"elementor-background-overlay\"><\/div>\n\t\t\t\t\t\t\t<div class=\"elementor-container elementor-column-gap-default\">\n\t\t\t\t\t<div class=\"elementor-column elementor-col-100 elementor-top-column elementor-element elementor-element-b59f2cc\" data-id=\"b59f2cc\" data-element_type=\"column\" data-e-type=\"column\">\n\t\t\t<div class=\"elementor-widget-wrap elementor-element-populated\">\n\t\t\t\t\t\t<div class=\"elementor-element elementor-element-4ccfcca elementor-widget elementor-widget-heading\" data-id=\"4ccfcca\" data-element_type=\"widget\" data-e-type=\"widget\" data-widget_type=\"heading.default\">\n\t\t\t\t<div class=\"elementor-widget-container\">\n\t\t\t\t\t<h2 class=\"elementor-heading-title elementor-size-default\">IP &amp; Cookies Policy<\/h2>\t\t\t\t<\/div>\n\t\t\t\t<\/div>\n\t\t\t\t<div class=\"elementor-element elementor-element-51f4517 elementor-widget-divider--view-line elementor-widget elementor-widget-divider\" data-id=\"51f4517\" data-element_type=\"widget\" data-e-type=\"widget\" data-widget_type=\"divider.default\">\n\t\t\t\t<div class=\"elementor-widget-container\">\n\t\t\t\t\t\t\t<div class=\"elementor-divider\">\n\t\t\t<span class=\"elementor-divider-separator\">\n\t\t\t\t\t\t<\/span>\n\t\t<\/div>\n\t\t\t\t\t\t<\/div>\n\t\t\t\t<\/div>\n\t\t\t\t<div class=\"elementor-element elementor-element-d2cc89e elementor-widget elementor-widget-text-editor\" data-id=\"d2cc89e\" data-element_type=\"widget\" data-e-type=\"widget\" data-widget_type=\"text-editor.default\">\n\t\t\t\t<div class=\"elementor-widget-container\">\n\t\t\t\t\t\t\t\t\t<p><strong>IP Address<\/strong>: Die vorliegende Webseite von TRAGOS S.A. (<a href=\"http:\/\/www.tragos.gr\">www.tragos.gr<\/a>) erfasst Ihre IP-Adresse nur, wenn Sie sich f\u00fcr den Newsletter anmelden.<\/p><p>Es ist jedoch m\u00f6glich, dass unser Webseite-Hosting-Anbieter Ihre IP-Adresse aus Sicherheitsgr\u00fcnden erfasst und sie so lange speichert, wie es zur Gew\u00e4hrleistung der Sicherheit unserer Webseite erforderlich ist. Bitte beachte, dass die IP-Adresse allein nicht ausreicht, um Dich zu identifizieren; sie enth\u00e4lt jedoch Informationen wie den Standort Deines Computers und Deinen Internetdienstanbieter (ISP).<\/p><p>\u00a0<\/p><p><strong>Cookies: <\/strong>\u201cCookies\u201d sind kleine Textdateien mit Informationen, die vom Server einer Webseite auf dem Endger\u00e4t des Benutzers (Computer, Mobiltelefon usw.) w\u00e4hrend der Navigation auf dieser Webseite gespeichert werden. \u00dcber die Einstellungen Deines Browsers kannst Du pr\u00fcfen, welche Cookies auf Deinem Ger\u00e4t gespeichert sind, und diese l\u00f6schen. \u00dcber diese Einstellungen kannst Du die Verwendung von Cookies auch einschr\u00e4nken oder deaktivieren. Das L\u00f6schen oder Deaktivieren von Cookies kann jedoch die Anzeige bestimmter Webseiten beeintr\u00e4chtigen oder deren ordnungsgem\u00e4\u00dfe Funktion st\u00f6ren.<br \/><br \/><\/p><p>Cookies werden klassifiziert als<\/p><ul><li><strong>Unverzichtbare (obligatorische) Cookies<\/strong>, die entweder f\u00fcr die \u00dcbertragung einer Kommunikation \u00fcber ein elektronisches Kommunikationsnetz oder f\u00fcr die Bereitstellung eines vom Benutzer ausdr\u00fccklich angeforderten Dienstes der Informationsgesellschaft verwendet werden. F\u00fcr den Einsatz solcher Cookies ist keine Einwilligung des Nutzers erforderlich.<\/li><li><strong>Nicht unbedingt erforderliche Cookies<\/strong>, beispielsweise solche, die verwendet werden, um dem Benutzer Werbung anzuzeigen (Werbe-Cookies) oder um das Verhalten des Benutzers beim Navigieren auf der Webseite zu analysieren (Analyse-Cookies).<\/li><\/ul><ul><li><strong>Sitzungscookies<\/strong>, die im tempor\u00e4ren Speicher gespeichert werden und ablaufen, wenn der Benutzer den Browser schlie\u00dft.<\/li><li><strong>Permanente Cookies<\/strong>, die f\u00fcr einen bestimmten Zeitraum auf dem Ger\u00e4t des Benutzers verbleiben und verfallen, wenn sie ablaufen oder wenn der Benutzer sie manuell l\u00f6scht.<\/li><\/ul><ul><li><strong>Erstanbieter-Cookies<\/strong>, die vom Anbieter der vom Benutzer besuchten Webseite installiert werden.<\/li><li><strong>Cookies von Drittanbietern<\/strong>, die von Drittanbietern (z. B. sozialen Netzwerken) \u00fcber den Anbieter der Webseite installiert werden.<\/li><\/ul>\t\t\t\t\t\t\t\t<\/div>\n\t\t\t\t<\/div>\n\t\t\t\t<div class=\"elementor-element elementor-element-49ba088 elementor-widget elementor-widget-text-editor\" data-id=\"49ba088\" data-element_type=\"widget\" data-e-type=\"widget\" data-widget_type=\"text-editor.default\">\n\t\t\t\t<div class=\"elementor-widget-container\">\n\t\t\t\t\t\t\t\t\t<p>Die Webseite <a href=\"http:\/\/www.tragos.gr\/\">www.tragos.gr<\/a>\u00a0verwendet folgende cookies:<\/p><table width=\"616\"><tbody><tr><td width=\"98\"><p><strong>Name <\/strong><\/p><\/td><td width=\"178\"><p><strong>Function<\/strong><\/p><\/td><td width=\"156\"><p><strong>Category<\/strong><\/p><\/td><td width=\"84\"><p><strong>Provider<\/strong><\/p><\/td><td width=\"100\"><p><strong>Duration<\/strong><\/p><\/td><\/tr><tr><td width=\"98\"><p>elementor<\/p><\/td><td width=\"178\"><p>Es erm\u00f6glicht dem Administrator der Webseite, in Echtzeit \u00c4nderungen an deren Inhalt vorzunehmen<\/p><p>\u00a0<\/p><\/td><td width=\"156\"><p>Unverzichtbar \u2013 technisch erforderlich f\u00fcr die ordnungsgem\u00e4\u00dfe Funktion der Webseite<\/p><p>\u00a0<\/p><\/td><td width=\"84\"><p>TRAGOS S.A.<\/p><p>(Erstanbieter)<\/p><\/td><td width=\"100\"><p>Sitzung<\/p><\/td><\/tr><tr><td width=\"98\"><p>paoc_popup_sess_cookie<\/p><\/td><td width=\"178\"><p>Es wird f\u00fcr das Popup-Fenster zur Registrierung des Benutzers in der Liste der \u201eNewsletter\u201c-Empf\u00e4nger verwendet. Dieses Cookie sammelt vom Ger\u00e4t des Benutzers die Information, ob die Zeitspanne f\u00fcr das erneute Erscheinen des Popup-Fensters abgelaufen ist<\/p><\/td><td width=\"156\"><p>Nicht unbedingt erforderlich<\/p><\/td><td width=\"84\"><p>TRAGOS S.A.<\/p><p>(Erstanbieter)<\/p><\/td><td width=\"100\"><p>Sitzung<\/p><\/td><\/tr><\/tbody><\/table><p>\u00a0<\/p><p>Unsere Webseite verwendet weder Werbe-Cookies, Analyse-Cookies oder Cookies von Drittanbietern.<\/p><p><br \/>Weitere Informationen zu Cookies finden Sie auf den folgenden Webseiten:<\/p><p><a href=\"https:\/\/www.aboutcookies.org\/\">https:\/\/www.aboutcookies.org\/<\/a><\/p><p><a href=\"https:\/\/www.allaboutcookies.org\/\">https:\/\/www.allaboutcookies.org\/<\/a><\/p>\t\t\t\t\t\t\t\t<\/div>\n\t\t\t\t<\/div>\n\t\t\t\t\t<\/div>\n\t\t<\/div>\n\t\t\t\t\t<\/div>\n\t\t<\/section>\n\t\t\t\t<\/div>\n\t\t","protected":false},"excerpt":{"rendered":"<p>Previous slide Next slide IP &#038; Cookies Policy IP Address: Die vorliegende Webseite von TRAGOS S.A. (www.tragos.gr) erfasst Ihre IP-Adresse nur, wenn Sie sich f\u00fcr den Newsletter anmelden. Es ist jedoch m\u00f6glich, dass unser Webseite-Hosting-Anbieter Ihre IP-Adresse aus Sicherheitsgr\u00fcnden erfasst und sie so lange speichert, wie es zur Gew\u00e4hrleistung der Sicherheit unserer Webseite erforderlich ist. [&hellip;]<\/p>\n","protected":false},"author":2,"featured_media":0,"parent":0,"menu_order":0,"comment_status":"closed","ping_status":"closed","template":"elementor_header_footer","meta":{"footnotes":""},"class_list":["post-2394","page","type-page","status-publish","hentry"],"_links":{"self":[{"href":"https:\/\/tragos.gr\/de\/wp-json\/wp\/v2\/pages\/2394","targetHints":{"allow":["GET"]}}],"collection":[{"href":"https:\/\/tragos.gr\/de\/wp-json\/wp\/v2\/pages"}],"about":[{"href":"https:\/\/tragos.gr\/de\/wp-json\/wp\/v2\/types\/page"}],"author":[{"embeddable":true,"href":"https:\/\/tragos.gr\/de\/wp-json\/wp\/v2\/users\/2"}],"replies":[{"embeddable":true,"href":"https:\/\/tragos.gr\/de\/wp-json\/wp\/v2\/comments?post=2394"}],"version-history":[{"count":0,"href":"https:\/\/tragos.gr\/de\/wp-json\/wp\/v2\/pages\/2394\/revisions"}],"wp:attachment":[{"href":"https:\/\/tragos.gr\/de\/wp-json\/wp\/v2\/media?parent=2394"}],"curies":[{"name":"wp","href":"https:\/\/api.w.org\/{rel}","templated":true}]}}