{"id":2387,"date":"2024-04-08T17:38:30","date_gmt":"2024-04-08T15:38:30","guid":{"rendered":"https:\/\/tragos.gr\/?page_id=2387"},"modified":"2024-04-08T18:23:32","modified_gmt":"2024-04-08T16:23:32","slug":"nutzungsbedingungen","status":"publish","type":"page","link":"https:\/\/tragos.gr\/de\/nutzungsbedingungen\/","title":{"rendered":"Nutzungsbedingungen"},"content":{"rendered":"\t\t<div data-elementor-type=\"wp-post\" data-elementor-id=\"2387\" class=\"elementor elementor-2387 elementor-2347\" data-elementor-post-type=\"page\">\n\t\t\t\t\t\t<section class=\"elementor-section elementor-top-section elementor-element elementor-element-931b43f elementor-section-full_width elementor-section-height-default elementor-section-height-default\" data-id=\"931b43f\" data-element_type=\"section\" data-e-type=\"section\" data-settings=\"{&quot;background_background&quot;:&quot;classic&quot;}\">\n\t\t\t\t\t\t<div class=\"elementor-container elementor-column-gap-default\">\n\t\t\t\t\t<div class=\"elementor-column elementor-col-100 elementor-top-column elementor-element elementor-element-e89cb8c\" data-id=\"e89cb8c\" data-element_type=\"column\" data-e-type=\"column\">\n\t\t\t<div class=\"elementor-widget-wrap elementor-element-populated\">\n\t\t\t\t\t\t<div class=\"elementor-element elementor-element-1573bfc elementor--h-position-center elementor--v-position-middle elementor-arrows-position-inside elementor-widget elementor-widget-slides\" data-id=\"1573bfc\" data-element_type=\"widget\" data-e-type=\"widget\" data-settings=\"{&quot;navigation&quot;:&quot;arrows&quot;,&quot;transition&quot;:&quot;fade&quot;,&quot;autoplay&quot;:&quot;yes&quot;,&quot;pause_on_hover&quot;:&quot;yes&quot;,&quot;pause_on_interaction&quot;:&quot;yes&quot;,&quot;autoplay_speed&quot;:5000,&quot;infinite&quot;:&quot;yes&quot;,&quot;transition_speed&quot;:500}\" data-widget_type=\"slides.default\">\n\t\t\t\t<div class=\"elementor-widget-container\">\n\t\t\t\t\t\t\t\t\t<div class=\"elementor-swiper\">\n\t\t\t\t\t<div class=\"elementor-slides-wrapper elementor-main-swiper swiper\" role=\"region\" aria-roledescription=\"carousel\" aria-label=\"Slides\" dir=\"ltr\" data-animation=\"fadeInUp\">\n\t\t\t\t<div class=\"swiper-wrapper elementor-slides\">\n\t\t\t\t\t\t\t\t\t\t<div class=\"elementor-repeater-item-c30b51d swiper-slide\" role=\"group\" aria-roledescription=\"slide\"><div class=\"swiper-slide-bg\" role=\"img\" aria-label=\"Main-Banner_Image-1\"><\/div><div class=\"swiper-slide-inner\" ><div class=\"swiper-slide-contents\"><\/div><\/div><\/div><div class=\"elementor-repeater-item-bf7a26d swiper-slide\" role=\"group\" aria-roledescription=\"slide\"><div class=\"swiper-slide-bg\" role=\"img\" aria-label=\"Main-Banner_Image-3\"><\/div><div class=\"swiper-slide-inner\" ><div class=\"swiper-slide-contents\"><\/div><\/div><\/div><div class=\"elementor-repeater-item-09e744e swiper-slide\" role=\"group\" aria-roledescription=\"slide\"><div class=\"swiper-slide-bg\" role=\"img\" aria-label=\"Main-Banner_Image-4\"><\/div><div class=\"swiper-slide-inner\" ><div class=\"swiper-slide-contents\"><\/div><\/div><\/div><div class=\"elementor-repeater-item-5b5c9f4 swiper-slide\" role=\"group\" aria-roledescription=\"slide\"><div class=\"swiper-slide-bg\" role=\"img\" aria-label=\"Main-Banner_Image-8\"><\/div><div class=\"swiper-slide-inner\" ><div class=\"swiper-slide-contents\"><\/div><\/div><\/div><div class=\"elementor-repeater-item-d1fcbed swiper-slide\" role=\"group\" aria-roledescription=\"slide\"><div class=\"swiper-slide-bg\" role=\"img\" aria-label=\"Main-Banner_Image-5\"><\/div><div class=\"swiper-slide-inner\" ><div class=\"swiper-slide-contents\"><\/div><\/div><\/div>\t\t\t\t<\/div>\n\t\t\t\t\t\t\t\t\t\t\t\t\t\t\t<div class=\"elementor-swiper-button elementor-swiper-button-prev\" role=\"button\" tabindex=\"0\" aria-label=\"Previous slide\">\n\t\t\t\t\t\t\t<i aria-hidden=\"true\" class=\"eicon-chevron-left\"><\/i>\t\t\t\t\t\t<\/div>\n\t\t\t\t\t\t<div class=\"elementor-swiper-button elementor-swiper-button-next\" role=\"button\" tabindex=\"0\" aria-label=\"Next slide\">\n\t\t\t\t\t\t\t<i aria-hidden=\"true\" class=\"eicon-chevron-right\"><\/i>\t\t\t\t\t\t<\/div>\n\t\t\t\t\t\t\t\t\t\t\t\t\t\t\t\t\t<\/div>\n\t\t\t\t<\/div>\n\t\t\t\t\t\t\t\t<\/div>\n\t\t\t\t<\/div>\n\t\t\t\t\t<\/div>\n\t\t<\/div>\n\t\t\t\t\t<\/div>\n\t\t<\/section>\n\t\t\t\t<section class=\"elementor-section elementor-top-section elementor-element elementor-element-535379c elementor-section-boxed elementor-section-height-default elementor-section-height-default\" data-id=\"535379c\" data-element_type=\"section\" data-e-type=\"section\" data-settings=\"{&quot;background_background&quot;:&quot;classic&quot;}\">\n\t\t\t\t\t\t\t<div class=\"elementor-background-overlay\"><\/div>\n\t\t\t\t\t\t\t<div class=\"elementor-container elementor-column-gap-default\">\n\t\t\t\t\t<div class=\"elementor-column elementor-col-100 elementor-top-column elementor-element elementor-element-b59f2cc\" data-id=\"b59f2cc\" data-element_type=\"column\" data-e-type=\"column\">\n\t\t\t<div class=\"elementor-widget-wrap elementor-element-populated\">\n\t\t\t\t\t\t<div class=\"elementor-element elementor-element-4ccfcca elementor-widget elementor-widget-heading\" data-id=\"4ccfcca\" data-element_type=\"widget\" data-e-type=\"widget\" data-widget_type=\"heading.default\">\n\t\t\t\t<div class=\"elementor-widget-container\">\n\t\t\t\t\t<h2 class=\"elementor-heading-title elementor-size-default\">Nutzungsbedingungen<\/h2>\t\t\t\t<\/div>\n\t\t\t\t<\/div>\n\t\t\t\t<div class=\"elementor-element elementor-element-51f4517 elementor-widget-divider--view-line elementor-widget elementor-widget-divider\" data-id=\"51f4517\" data-element_type=\"widget\" data-e-type=\"widget\" data-widget_type=\"divider.default\">\n\t\t\t\t<div class=\"elementor-widget-container\">\n\t\t\t\t\t\t\t<div class=\"elementor-divider\">\n\t\t\t<span class=\"elementor-divider-separator\">\n\t\t\t\t\t\t<\/span>\n\t\t<\/div>\n\t\t\t\t\t\t<\/div>\n\t\t\t\t<\/div>\n\t\t\t\t<section class=\"elementor-section elementor-inner-section elementor-element elementor-element-78ecc77 elementor-section-boxed elementor-section-height-default elementor-section-height-default\" data-id=\"78ecc77\" data-element_type=\"section\" data-e-type=\"section\">\n\t\t\t\t\t\t<div class=\"elementor-container elementor-column-gap-default\">\n\t\t\t\t\t<div class=\"elementor-column elementor-col-100 elementor-inner-column elementor-element elementor-element-f9fecc9\" data-id=\"f9fecc9\" data-element_type=\"column\" data-e-type=\"column\">\n\t\t\t<div class=\"elementor-widget-wrap elementor-element-populated\">\n\t\t\t\t\t\t<div class=\"elementor-element elementor-element-83a2664 elementor-widget elementor-widget-toggle\" data-id=\"83a2664\" data-element_type=\"widget\" data-e-type=\"widget\" data-widget_type=\"toggle.default\">\n\t\t\t\t<div class=\"elementor-widget-container\">\n\t\t\t\t\t\t\t<div class=\"elementor-toggle\">\n\t\t\t\t\t\t\t<div class=\"elementor-toggle-item\">\n\t\t\t\t\t<h5 id=\"elementor-tab-title-1381\" class=\"elementor-tab-title\" data-tab=\"1\" role=\"button\" aria-controls=\"elementor-tab-content-1381\" aria-expanded=\"false\">\n\t\t\t\t\t\t\t\t\t\t\t\t<span class=\"elementor-toggle-icon elementor-toggle-icon-left\" aria-hidden=\"true\">\n\t\t\t\t\t\t\t\t\t\t\t\t\t\t\t<span class=\"elementor-toggle-icon-closed\"><i class=\"fas fa-caret-right\"><\/i><\/span>\n\t\t\t\t\t\t\t\t<span class=\"elementor-toggle-icon-opened\"><i class=\"elementor-toggle-icon-opened fas fa-caret-up\"><\/i><\/span>\n\t\t\t\t\t\t\t\t\t\t\t\t\t<\/span>\n\t\t\t\t\t\t\t\t\t\t\t\t<a class=\"elementor-toggle-title\" tabindex=\"0\">\u0399. ALLGEMEINES<\/a>\n\t\t\t\t\t<\/h5>\n\n\t\t\t\t\t<div id=\"elementor-tab-content-1381\" class=\"elementor-tab-content elementor-clearfix\" data-tab=\"1\" role=\"region\" aria-labelledby=\"elementor-tab-title-1381\"><p>Diese Webseite (Webseite) geh\u00f6rt der Gesellschaft <strong>\u201cPRODUCTION, PROCESSING AND TRADE OF AGRICULTURAL PRODUCTS TRAGOS S.A\u201d <\/strong>(TRAGOS) und wurde erstellt um Informationen \u00fcber die T\u00e4tigkeit und die Produkte von TRAGOS zu \u00fcbermitteln. Wenn Du die Webseite nutzt, erkl\u00e4rst Du Dich mit den Nutzungsbedingungen einverstanden. TRAGOS kann jederzeit ohne Vorank\u00fcndigung die Nutzungsbedingungen \u00e4ndern.<\/p><\/div>\n\t\t\t\t<\/div>\n\t\t\t\t\t\t\t<div class=\"elementor-toggle-item\">\n\t\t\t\t\t<h5 id=\"elementor-tab-title-1382\" class=\"elementor-tab-title\" data-tab=\"2\" role=\"button\" aria-controls=\"elementor-tab-content-1382\" aria-expanded=\"false\">\n\t\t\t\t\t\t\t\t\t\t\t\t<span class=\"elementor-toggle-icon elementor-toggle-icon-left\" aria-hidden=\"true\">\n\t\t\t\t\t\t\t\t\t\t\t\t\t\t\t<span class=\"elementor-toggle-icon-closed\"><i class=\"fas fa-caret-right\"><\/i><\/span>\n\t\t\t\t\t\t\t\t<span class=\"elementor-toggle-icon-opened\"><i class=\"elementor-toggle-icon-opened fas fa-caret-up\"><\/i><\/span>\n\t\t\t\t\t\t\t\t\t\t\t\t\t<\/span>\n\t\t\t\t\t\t\t\t\t\t\t\t<a class=\"elementor-toggle-title\" tabindex=\"0\">\u0399\u0399. GEISTIGE EIGENTUMS- UND GEWERBLICHE SCHUTZRECHTE<\/a>\n\t\t\t\t\t<\/h5>\n\n\t\t\t\t\t<div id=\"elementor-tab-content-1382\" class=\"elementor-tab-content elementor-clearfix\" data-tab=\"2\" role=\"region\" aria-labelledby=\"elementor-tab-title-1382\"><p>Mit Ausnahme der ausdr\u00fccklich als solche gekennzeichneten geistigen Eigentumsrechte Dritter geh\u00f6ren s\u00e4mtliche geistigen und gewerblichen Eigentumsrechte f\u00fcr den gesamten Inhalt der Webseite, einschlie\u00dflich, aber nicht beschr\u00e4nkt der Marken, Markentitel, Domainnamen, Texte, Fotos, Bilder, Logos usw. TRAGOS und sind durch die geltende nationale und europ\u00e4ische Gesetzgebung gesch\u00fctzt.<\/p><p>Es ist verboten, Komponenten oder Teile der Webseite f\u00fcr kommerzielle Zwecke zu speichern, zu reproduzieren, erneut zu ver\u00f6ffentlichen, zu \u00fcbertragen oder auf andere Weise zu nutzen. Es ist gestattet, Informationen oder Teile der Webseite f\u00fcr den privaten Gebrauch zu reproduzieren sowie kurze Ausz\u00fcge mit Angabe ihrer Herkunft von der Webseite und Nennung des Namens des Erstellers (falls aufgef\u00fchrt) zu zitieren.\u00a0Es ist zu beachten, dass jede Nutzung von Teilen der Webseite, deren geistige oder gewerbliche Eigentumsrechte einem Dritten geh\u00f6ren, der Genehmigung des besagten Dritten bedarf.<\/p><\/div>\n\t\t\t\t<\/div>\n\t\t\t\t\t\t\t<div class=\"elementor-toggle-item\">\n\t\t\t\t\t<h5 id=\"elementor-tab-title-1383\" class=\"elementor-tab-title\" data-tab=\"3\" role=\"button\" aria-controls=\"elementor-tab-content-1383\" aria-expanded=\"false\">\n\t\t\t\t\t\t\t\t\t\t\t\t<span class=\"elementor-toggle-icon elementor-toggle-icon-left\" aria-hidden=\"true\">\n\t\t\t\t\t\t\t\t\t\t\t\t\t\t\t<span class=\"elementor-toggle-icon-closed\"><i class=\"fas fa-caret-right\"><\/i><\/span>\n\t\t\t\t\t\t\t\t<span class=\"elementor-toggle-icon-opened\"><i class=\"elementor-toggle-icon-opened fas fa-caret-up\"><\/i><\/span>\n\t\t\t\t\t\t\t\t\t\t\t\t\t<\/span>\n\t\t\t\t\t\t\t\t\t\t\t\t<a class=\"elementor-toggle-title\" tabindex=\"0\">III. BENUTZERPRFLICHTEN<\/a>\n\t\t\t\t\t<\/h5>\n\n\t\t\t\t\t<div id=\"elementor-tab-content-1383\" class=\"elementor-tab-content elementor-clearfix\" data-tab=\"3\" role=\"region\" aria-labelledby=\"elementor-tab-title-1383\"><p>Der Besucher\/Benutzer der Webseite ist verpflichtet, diese ausschlie\u00dflich f\u00fcr rechtm\u00e4\u00dfige Zwecke, gem\u00e4\u00df den vorliegenden Nutzungsbedingungen und den guten Sitten sowie unter Einhaltung der geltenden nationalen, europ\u00e4ischen und internationalen Gesetzgebung zu nutzen. Dem Benutzer wird ein nicht ausschlie\u00dfliches, pers\u00f6nliches und begrenztes Recht einger\u00e4umt, auf die Seiten der Webseite zuzugreifen und darin zu navigieren. Das oben genannte Zugriffsrecht erstreckt sich nicht auf den Quellcode der Webseite oder andere Elemente, die beim \u00fcblichen Surfen nicht zug\u00e4nglich sind.<\/p><p>Der Besucher\/Benutzer der Webseite ist verpflichtet, jede illegale, missbr\u00e4uchliche und\/oder unlautere Nutzung der Webseite zu unterlassen und tr\u00e4gt die alleinige Verantwortung f\u00fcr etwaige Sch\u00e4den, die dem Benutzer selbst oder Dritten durch eine solche Nutzung entstehen.<\/p><\/div>\n\t\t\t\t<\/div>\n\t\t\t\t\t\t\t<div class=\"elementor-toggle-item\">\n\t\t\t\t\t<h5 id=\"elementor-tab-title-1384\" class=\"elementor-tab-title\" data-tab=\"4\" role=\"button\" aria-controls=\"elementor-tab-content-1384\" aria-expanded=\"false\">\n\t\t\t\t\t\t\t\t\t\t\t\t<span class=\"elementor-toggle-icon elementor-toggle-icon-left\" aria-hidden=\"true\">\n\t\t\t\t\t\t\t\t\t\t\t\t\t\t\t<span class=\"elementor-toggle-icon-closed\"><i class=\"fas fa-caret-right\"><\/i><\/span>\n\t\t\t\t\t\t\t\t<span class=\"elementor-toggle-icon-opened\"><i class=\"elementor-toggle-icon-opened fas fa-caret-up\"><\/i><\/span>\n\t\t\t\t\t\t\t\t\t\t\t\t\t<\/span>\n\t\t\t\t\t\t\t\t\t\t\t\t<a class=\"elementor-toggle-title\" tabindex=\"0\">IV. HAFTUNGSBESCHR\u00c4NKUNG<\/a>\n\t\t\t\t\t<\/h5>\n\n\t\t\t\t\t<div id=\"elementor-tab-content-1384\" class=\"elementor-tab-content elementor-clearfix\" data-tab=\"4\" role=\"region\" aria-labelledby=\"elementor-tab-title-1384\"><p>Alle auf dieser Webseite bereitgestellten Informationen dienen rein informativen Zwecken und ersetzen nicht offizielle Texte, Richtlinien und Schlussfolgerungen zust\u00e4ndiger Stellen und Beh\u00f6rden. Der Benutzer der Webseite muss und wird dazu ermutigt, Informationen aus verschiedenen Quellen in Bezug auf die von ihm als wichtig erachteten Themen einzuholen, insbesondere in Bezug auf die Bestandteile und Eigenschaften von Lebensmitteln sowie die Praktiken und Methoden ihrer Zubereitung.<\/p><p>Obwohl TRAGOS sich bem\u00fcht, die Richtigkeit, Genauigkeit, Aktualit\u00e4t und Verf\u00fcgbarkeit des Inhalts der Webseite sowie die Korrektur etwaiger Fehler sicherzustellen, \u00fcbernimmt TRAGOS unter keinen Umst\u00e4nden eine Garantie f\u00fcr das oben Genannte und \u00fcbernimmt keine Verantwortung f\u00fcr etwaige Sch\u00e4den die dem Nutzer durch die Nutzung der Inhalte und Anwendungen der Webseite entstehen und die der Nutzer auf eigene Initiative und nach Annahme der vorliegenden Nutzungsbedingungen vornimmt.<\/p><p>Dar\u00fcber hinaus \u00fcbernimmt TRAGOS keine Gew\u00e4hr daf\u00fcr, dass der Inhalt der Webseite unterbrechungs- und fehlerfrei bereitgestellt wird und dass das Unternehmen auf alle Mitteilungen antwortet.<\/p><p>Schlie\u00dflich \u00fcbernimmt TRAGOS keine Gew\u00e4hr daf\u00fcr, dass die vorliegende Webseite oder die Server, \u00fcber die ihre Inhalte ihren Besuchern\/Nutzern zur Verf\u00fcgung gestellt werden, frei von Viren oder anderen sch\u00e4dlichen Komponenten sind. Der Besucher\/Benutzer der Webseite tr\u00e4gt die alleinige Verantwortung f\u00fcr seine Ausr\u00fcstung und die technischen Mittel, mit denen er auf die Webseite zugreift, und ist verpflichtet, vor dem Laden der Webseite auf eigene Kosten alle geeigneten technischen Sicherheitsma\u00dfnahmen (z. B. Installation eines Antivirenprogramms) zu ergreifen.<\/p><\/div>\n\t\t\t\t<\/div>\n\t\t\t\t\t\t\t<div class=\"elementor-toggle-item\">\n\t\t\t\t\t<h5 id=\"elementor-tab-title-1385\" class=\"elementor-tab-title\" data-tab=\"5\" role=\"button\" aria-controls=\"elementor-tab-content-1385\" aria-expanded=\"false\">\n\t\t\t\t\t\t\t\t\t\t\t\t<span class=\"elementor-toggle-icon elementor-toggle-icon-left\" aria-hidden=\"true\">\n\t\t\t\t\t\t\t\t\t\t\t\t\t\t\t<span class=\"elementor-toggle-icon-closed\"><i class=\"fas fa-caret-right\"><\/i><\/span>\n\t\t\t\t\t\t\t\t<span class=\"elementor-toggle-icon-opened\"><i class=\"elementor-toggle-icon-opened fas fa-caret-up\"><\/i><\/span>\n\t\t\t\t\t\t\t\t\t\t\t\t\t<\/span>\n\t\t\t\t\t\t\t\t\t\t\t\t<a class=\"elementor-toggle-title\" tabindex=\"0\">V. WEBSEITEN DRITTER PARTEIEN <\/a>\n\t\t\t\t\t<\/h5>\n\n\t\t\t\t\t<div id=\"elementor-tab-content-1385\" class=\"elementor-tab-content elementor-clearfix\" data-tab=\"5\" role=\"region\" aria-labelledby=\"elementor-tab-title-1385\"><p>Die Webseite kann Links enthalten, die zu Webseiten Dritter f\u00fchren. Diese Links dienen ausschlie\u00dflich der Benutzerfreundlichkeit der Webseite und die Nutzung dieser Webseiten unterliegt deren jeweiligen Nutzungsbedingungen. Die Ver\u00f6ffentlichung dieser Links auf der Webseite bedeutet nicht, dass TRAGOS deren Inhalt in irgendeiner Weise akzeptiert oder genehmigt. TRAGOS \u00fcbernimmt keine Verantwortung f\u00fcr den Inhalt und die Sicherheit der Webseiten von Dritten.<\/p><\/div>\n\t\t\t\t<\/div>\n\t\t\t\t\t\t\t<div class=\"elementor-toggle-item\">\n\t\t\t\t\t<h5 id=\"elementor-tab-title-1386\" class=\"elementor-tab-title\" data-tab=\"6\" role=\"button\" aria-controls=\"elementor-tab-content-1386\" aria-expanded=\"false\">\n\t\t\t\t\t\t\t\t\t\t\t\t<span class=\"elementor-toggle-icon elementor-toggle-icon-left\" aria-hidden=\"true\">\n\t\t\t\t\t\t\t\t\t\t\t\t\t\t\t<span class=\"elementor-toggle-icon-closed\"><i class=\"fas fa-caret-right\"><\/i><\/span>\n\t\t\t\t\t\t\t\t<span class=\"elementor-toggle-icon-opened\"><i class=\"elementor-toggle-icon-opened fas fa-caret-up\"><\/i><\/span>\n\t\t\t\t\t\t\t\t\t\t\t\t\t<\/span>\n\t\t\t\t\t\t\t\t\t\t\t\t<a class=\"elementor-toggle-title\" tabindex=\"0\">VI. WEITERE BEDINGUNGEN<\/a>\n\t\t\t\t\t<\/h5>\n\n\t\t\t\t\t<div id=\"elementor-tab-content-1386\" class=\"elementor-tab-content elementor-clearfix\" data-tab=\"6\" role=\"region\" aria-labelledby=\"elementor-tab-title-1386\"><ol><li>F\u00fcr den Fall, dass eine der vorliegenden Nutzungsbedingungen aus irgendeinem Grund ung\u00fcltig oder nicht durchsetzbar ist, bleiben die \u00fcbrigen Bedingungen weiterhin g\u00fcltig und durchsetzbar.<\/li><li>Jede \u00c4nderung dieser Nutzungsbedingungen wird nur durch ihre Einbeziehung in den vorliegenden Text und ihre Ver\u00f6ffentlichung auf dieser <a href=\"https:\/\/tragos.gr\/de\/nutzungsbedingungen\/\">Webseite wirksam<\/a>.<\/li><li>Die vorliegenden Nutzungsbedingungen unterliegen dem griechischen Recht. Alle Streitigkeiten, die sich aus diesen Nutzungsbedingungen ergeben, werden von den Gerichten von Athen entschieden.<\/li><\/ol><\/div>\n\t\t\t\t<\/div>\n\t\t\t\t\t\t\t\t<\/div>\n\t\t\t\t\t\t<\/div>\n\t\t\t\t<\/div>\n\t\t\t\t\t<\/div>\n\t\t<\/div>\n\t\t\t\t\t<\/div>\n\t\t<\/section>\n\t\t\t\t\t<\/div>\n\t\t<\/div>\n\t\t\t\t\t<\/div>\n\t\t<\/section>\n\t\t\t\t<\/div>\n\t\t","protected":false},"excerpt":{"rendered":"<p>Previous slide Next slide Nutzungsbedingungen \u0399. ALLGEMEINES Diese Webseite (Webseite) geh\u00f6rt der Gesellschaft \u201cPRODUCTION, PROCESSING AND TRADE OF AGRICULTURAL PRODUCTS TRAGOS S.A\u201d (TRAGOS) und wurde erstellt um Informationen \u00fcber die T\u00e4tigkeit und die Produkte von TRAGOS zu \u00fcbermitteln. Wenn Du die Webseite nutzt, erkl\u00e4rst Du Dich mit den Nutzungsbedingungen einverstanden. TRAGOS kann jederzeit ohne Vorank\u00fcndigung [&hellip;]<\/p>\n","protected":false},"author":2,"featured_media":0,"parent":0,"menu_order":0,"comment_status":"closed","ping_status":"closed","template":"elementor_header_footer","meta":{"footnotes":""},"class_list":["post-2387","page","type-page","status-publish","hentry"],"_links":{"self":[{"href":"https:\/\/tragos.gr\/de\/wp-json\/wp\/v2\/pages\/2387","targetHints":{"allow":["GET"]}}],"collection":[{"href":"https:\/\/tragos.gr\/de\/wp-json\/wp\/v2\/pages"}],"about":[{"href":"https:\/\/tragos.gr\/de\/wp-json\/wp\/v2\/types\/page"}],"author":[{"embeddable":true,"href":"https:\/\/tragos.gr\/de\/wp-json\/wp\/v2\/users\/2"}],"replies":[{"embeddable":true,"href":"https:\/\/tragos.gr\/de\/wp-json\/wp\/v2\/comments?post=2387"}],"version-history":[{"count":0,"href":"https:\/\/tragos.gr\/de\/wp-json\/wp\/v2\/pages\/2387\/revisions"}],"wp:attachment":[{"href":"https:\/\/tragos.gr\/de\/wp-json\/wp\/v2\/media?parent=2387"}],"curies":[{"name":"wp","href":"https:\/\/api.w.org\/{rel}","templated":true}]}}